{"id":1837,"date":"2022-04-13T07:28:44","date_gmt":"2022-04-13T07:28:44","guid":{"rendered":"https:\/\/test.portugaliacork.com\/?page_id=1837"},"modified":"2025-07-08T13:19:16","modified_gmt":"2025-07-08T13:19:16","slug":"projectos","status":"publish","type":"page","link":"https:\/\/portugaliacork.com\/pt\/projects\/","title":{"rendered":"Projectos"},"content":{"rendered":"<div data-elementor-type=\"wp-page\" data-elementor-id=\"1837\" class=\"elementor elementor-1837\" data-elementor-post-type=\"page\">\n\t\t\t\t<div class=\"elementor-element elementor-element-3009ca6 e-con-full e-flex e-con e-parent\" data-id=\"3009ca6\" data-element_type=\"container\" data-e-type=\"container\" data-settings=\"{&quot;background_background&quot;:&quot;classic&quot;}\">\n\t\t\t\t<div class=\"elementor-element elementor-element-512a950 elementor-widget elementor-widget-heading\" data-id=\"512a950\" data-element_type=\"widget\" data-e-type=\"widget\" data-widget_type=\"heading.default\">\n\t\t\t\t<div class=\"elementor-widget-container\">\n\t\t\t\t\t<h1 class=\"elementor-heading-title elementor-size-default\">PROJECTOS<\/h1>\t\t\t\t<\/div>\n\t\t\t\t<\/div>\n\t\t\t\t<\/div>\n\t\t<div class=\"elementor-element elementor-element-4ebad87 e-flex e-con-boxed e-con e-parent\" data-id=\"4ebad87\" data-element_type=\"container\" data-e-type=\"container\">\n\t\t\t\t\t<div class=\"e-con-inner\">\n\t\t<div class=\"elementor-element elementor-element-484c068 e-con-full e-flex e-con e-child\" data-id=\"484c068\" data-element_type=\"container\" data-e-type=\"container\">\n\t\t\t\t<div class=\"elementor-element elementor-element-66ccf73 elementor-widget elementor-widget-text-editor\" data-id=\"66ccf73\" data-element_type=\"widget\" data-e-type=\"widget\" data-widget_type=\"text-editor.default\">\n\t\t\t\t<div class=\"elementor-widget-container\">\n\t\t\t\t\t\t\t\t\t<p>A PORTUGALIACORK est\u00e1 ativamente envolvida em v\u00e1rios projectos que promovem a produ\u00e7\u00e3o sustent\u00e1vel de corti\u00e7a, a conserva\u00e7\u00e3o ambiental e o desenvolvimento comunit\u00e1rio em Portugal. As nossas iniciativas centram-se na melhoria da qualidade dos nossos produtos de corti\u00e7a, no apoio \u00e0s comunidades locais e na contribui\u00e7\u00e3o para a preserva\u00e7\u00e3o dos montados de sobro \u00fanicos e vitais para o ecossistema.<\/p>\t\t\t\t\t\t\t\t<\/div>\n\t\t\t\t<\/div>\n\t\t\t\t<div class=\"elementor-element elementor-element-2a85377 elementor-widget elementor-widget-heading\" data-id=\"2a85377\" data-element_type=\"widget\" data-e-type=\"widget\" data-widget_type=\"heading.default\">\n\t\t\t\t<div class=\"elementor-widget-container\">\n\t\t\t\t\t<h2 class=\"elementor-heading-title elementor-size-default\">PROJECTOS co-financiados por:<\/h2>\t\t\t\t<\/div>\n\t\t\t\t<\/div>\n\t\t\t\t<div class=\"elementor-element elementor-element-b55444b elementor-widget elementor-widget-text-editor\" data-id=\"b55444b\" data-element_type=\"widget\" data-e-type=\"widget\" data-widget_type=\"text-editor.default\">\n\t\t\t\t<div class=\"elementor-widget-container\">\n\t\t\t\t\t\t\t\t\t<p>Nome do Projeto: Sistema de Incentivos \u00e0 Qualifica\u00e7\u00e3o e Internacionaliza\u00e7\u00e3o de PME's <a href=\"https:\/\/portugaliacork.com\/pt\/\">Portugaliacork<\/a><\/p><p>C\u00f3digo do Projeto: NORTE-02-0752-FEDER-071069<\/p><p>Objetivo principal: Refor\u00e7ar a competitividade das PME<\/p><p>Regi\u00e3o de interven\u00e7\u00e3o: Norte<\/p><p>Benefici\u00e1rio: PORTUGALIACORK S.A.<\/p><p>Data de aprova\u00e7\u00e3o: 2020-12-23<\/p><p>Data de in\u00edcio: 2020-10-01<\/p><p>Data de conclus\u00e3o: 2023-06-30<\/p><p>Custo total eleg\u00edvel: 469.980,00 euros<\/p><p>Apoio financeiro da Uni\u00e3o Europeia: 211 491,00 euros FEDER<\/p><p>Objectivos do projeto:<\/p><p>O projeto visa refor\u00e7ar a atua\u00e7\u00e3o internacional do Portugaliacork, alavancando o seu potencial exportador atrav\u00e9s da consolida\u00e7\u00e3o nos mercados onde j\u00e1 est\u00e1 presente e da entrada em novos mercados, valorizando os factores intang\u00edveis de competitividade.<\/p>\t\t\t\t\t\t\t\t<\/div>\n\t\t\t\t<\/div>\n\t\t\t\t<div class=\"elementor-element elementor-element-2687729 elementor-widget elementor-widget-image\" data-id=\"2687729\" data-element_type=\"widget\" data-e-type=\"widget\" data-widget_type=\"image.default\">\n\t\t\t\t<div class=\"elementor-widget-container\">\n\t\t\t\t\t\t\t\t\t\t\t\t\t\t\t<img fetchpriority=\"high\" decoding=\"async\" width=\"768\" height=\"99\" src=\"https:\/\/www.portugaliacork.it\/wp-content\/uploads\/2022\/04\/barra_feder-768x99.jpg\" class=\"attachment-medium_large size-medium_large wp-image-1835\" alt=\"projectos portugaliacork\" srcset=\"https:\/\/portugaliacork.com\/wp-content\/uploads\/2022\/04\/barra_feder-768x99.jpg 768w, https:\/\/portugaliacork.com\/wp-content\/uploads\/2022\/04\/barra_feder-300x39.jpg 300w, https:\/\/portugaliacork.com\/wp-content\/uploads\/2022\/04\/barra_feder-1024x132.jpg 1024w, https:\/\/portugaliacork.com\/wp-content\/uploads\/2022\/04\/barra_feder-1536x198.jpg 1536w, https:\/\/portugaliacork.com\/wp-content\/uploads\/2022\/04\/barra_feder-2048x264.jpg 2048w\" sizes=\"(max-width: 768px) 100vw, 768px\" title=\"\">\t\t\t\t\t\t\t\t\t\t\t\t\t\t\t<\/div>\n\t\t\t\t<\/div>\n\t\t\t\t<div class=\"elementor-element elementor-element-bfaef59 elementor-widget elementor-widget-text-editor\" data-id=\"bfaef59\" data-element_type=\"widget\" data-e-type=\"widget\" data-widget_type=\"text-editor.default\">\n\t\t\t\t<div class=\"elementor-widget-container\">\n\t\t\t\t\t\t\t\t\t<p><a href=\"https:\/\/www.norte2020.pt\" target=\"_blank\" rel=\"noopener\">NORTE 2020<\/a> \u00e9 um instrumento financeiro de apoio ao desenvolvimento regional no Norte de Portugal<\/p>\t\t\t\t\t\t\t\t<\/div>\n\t\t\t\t<\/div>\n\t\t\t\t<\/div>\n\t\t\t\t\t<\/div>\n\t\t\t\t<\/div>\n\t\t\t\t<\/div>","protected":false},"excerpt":{"rendered":"<p>PROJECTS PORTUGALIACORK actively engages in various projects that promote sustainable cork production, environmental conservation, and community development in Portugal. Our initiatives focus on enhancing the quality of our cork products, supporting local communities, and contributing to the preservation of the unique cork oak forests that are vital to the ecosystem. PROJECTS co-financed by: Project Name: [&hellip;]<\/p>\n","protected":false},"author":5,"featured_media":0,"parent":0,"menu_order":0,"comment_status":"closed","ping_status":"closed","template":"","meta":{"footnotes":""},"class_list":["post-1837","page","type-page","status-publish","hentry"],"_links":{"self":[{"href":"https:\/\/portugaliacork.com\/pt\/wp-json\/wp\/v2\/pages\/1837","targetHints":{"allow":["GET"]}}],"collection":[{"href":"https:\/\/portugaliacork.com\/pt\/wp-json\/wp\/v2\/pages"}],"about":[{"href":"https:\/\/portugaliacork.com\/pt\/wp-json\/wp\/v2\/types\/page"}],"author":[{"embeddable":true,"href":"https:\/\/portugaliacork.com\/pt\/wp-json\/wp\/v2\/users\/5"}],"replies":[{"embeddable":true,"href":"https:\/\/portugaliacork.com\/pt\/wp-json\/wp\/v2\/comments?post=1837"}],"version-history":[{"count":0,"href":"https:\/\/portugaliacork.com\/pt\/wp-json\/wp\/v2\/pages\/1837\/revisions"}],"wp:attachment":[{"href":"https:\/\/portugaliacork.com\/pt\/wp-json\/wp\/v2\/media?parent=1837"}],"curies":[{"name":"wp","href":"https:\/\/api.w.org\/{rel}","templated":true}]}}