{"id":1477,"date":"2022-04-11T08:20:11","date_gmt":"2022-04-11T08:20:11","guid":{"rendered":"https:\/\/test.portugaliacork.com\/?page_id=1477"},"modified":"2025-06-05T13:29:24","modified_gmt":"2025-06-05T13:29:24","slug":"politica-de-privacidade","status":"publish","type":"page","link":"https:\/\/portugaliacork.com\/pt\/privacy-policy\/","title":{"rendered":"Pol\u00edtica de privacidade"},"content":{"rendered":"<div data-elementor-type=\"wp-page\" data-elementor-id=\"1477\" class=\"elementor elementor-1477\" data-elementor-post-type=\"page\">\n\t\t\t\t<div class=\"elementor-element elementor-element-2abfd4f e-con-full e-flex e-con e-parent\" data-id=\"2abfd4f\" data-element_type=\"container\" data-e-type=\"container\" data-settings=\"{&quot;background_background&quot;:&quot;classic&quot;}\">\n\t\t\t\t<div class=\"elementor-element elementor-element-046b53e elementor-widget elementor-widget-heading\" data-id=\"046b53e\" data-element_type=\"widget\" data-e-type=\"widget\" data-widget_type=\"heading.default\">\n\t\t\t\t<div class=\"elementor-widget-container\">\n\t\t\t\t\t<h1 class=\"elementor-heading-title elementor-size-default\">POL\u00cdTICA DE PRIVACIDADE<\/h1>\t\t\t\t<\/div>\n\t\t\t\t<\/div>\n\t\t\t\t<\/div>\n\t\t<div class=\"elementor-element elementor-element-06fd0ea e-con-full e-flex e-con e-parent\" data-id=\"06fd0ea\" data-element_type=\"container\" data-e-type=\"container\">\n\t\t\t\t<div class=\"elementor-element elementor-element-c9ddc89 elementor-widget elementor-widget-text-editor\" data-id=\"c9ddc89\" data-element_type=\"widget\" data-e-type=\"widget\" data-widget_type=\"text-editor.default\">\n\t\t\t\t<div class=\"elementor-widget-container\">\n\t\t\t\t\t\t\t\t\t<h4>Introdu\u00e7\u00e3o<\/h4><p>Esta Pol\u00edtica de Privacidade diz respeito apenas aos clientes do Portugaliacork S.A. e aos utilizadores dos nossos servi\u00e7os online. O Portugaliacork trabalha para garantir que a sua privacidade est\u00e1 protegida quando utiliza os nossos servi\u00e7os. Por isso, temos uma pol\u00edtica que define a forma como os seus dados pessoais ser\u00e3o processados e protegidos. Quaisquer altera\u00e7\u00f5es que tenhamos feito a esta pol\u00edtica de privacidade podem ser encontradas visitando-nos online. A Portugaliacork S.A. \u00e9 o respons\u00e1vel pelo tratamento dos dados pessoais que nos fornece e, portanto, respons\u00e1vel pelos seus dados pessoais nos termos da Comiss\u00e3o Nacional de Prote\u00e7\u00e3o de Dados (CNPD) e da Diretiva 95\/46\/CE da UE. Os seus dados pessoais s\u00e3o armazenados na UE e podem ser divulgados \u00e0s nossas filiais dentro da empresa Portugaliacork (poder\u00e1 encontrar as nossas filiais na p\u00e1gina \"Contacte-nos\" - empresas afiliadas). Isto significa que os seus dados, em alguns casos, podem ser processados fora da \u00e1rea do EEE. Em qualquer caso de transfer\u00eancia dos seus dados pessoais para um pa\u00eds fora do EEE, a filial Portugaliacork em causa garantir\u00e1 a aplica\u00e7\u00e3o das cl\u00e1usulas contratuais-tipo relativas ao processo de prote\u00e7\u00e3o de dados aprovadas pela UE.<\/p><h4>Como \u00e9 que utilizamos os seus dados pessoais?<\/h4><p>Ao fornecer os seus dados pessoais, est\u00e1 a consentir que utilizemos os dados recolhidos para cumprirmos os nossos compromissos para consigo e para lhe prestarmos o servi\u00e7o que espera. Precisamos dos seus dados para os seguintes fins:<\/p><ul><li>Para criar a sua conta pessoal na Portugaliacork Shop (por exemplo, o seu nome e endere\u00e7o de correio eletr\u00f3nico)<\/li><li>Para processar as suas encomendas atrav\u00e9s dos nossos servi\u00e7os online (por exemplo, o seu nome, morada, data de nascimento e dados banc\u00e1rios)<\/li><li>Para enviar notifica\u00e7\u00f5es por mensagem de texto sobre o estado da entrega (por exemplo, o seu n\u00famero de telem\u00f3vel)<\/li><li>Para lhe enviar ofertas de marketing, tais como boletins informativos e cat\u00e1logos (por exemplo, o seu endere\u00e7o de correio eletr\u00f3nico, o seu nome e o seu endere\u00e7o postal)<\/li><li>Para o contactar em caso de problemas com a entrega dos seus artigos (por exemplo, n\u00famero de telefone, morada)<\/li><li>Para responder \u00e0s suas quest\u00f5es e para o informar sobre servi\u00e7os novos ou alterados (por exemplo, o seu endere\u00e7o de correio eletr\u00f3nico)<\/li><li>Para notificar os vencedores de concursos organizados em linha (por exemplo, o seu endere\u00e7o de correio eletr\u00f3nico, nome, endere\u00e7o residencial e n\u00famero de telefone)<\/li><li>Para gerir a sua conta atrav\u00e9s da realiza\u00e7\u00e3o de verifica\u00e7\u00f5es de cr\u00e9dito (por exemplo, nome, morada, data de nascimento)<\/li><li>Analisar os seus dados pessoais para lhe fornecer ofertas e informa\u00e7\u00f5es de marketing relevantes (por exemplo, nome, h\u00e1bitos de compra)<\/li><li>Para validar que tem idade legal para efetuar compras online (por exemplo, data de nascimento)<\/li><li>Para lhe enviar inqu\u00e9ritos, a fim de lhe dar a possibilidade de influenciar a nossa oferta e servi\u00e7o (por exemplo, endere\u00e7o de correio eletr\u00f3nico)<\/li><\/ul><p>Conservaremos os seus dados apenas durante o tempo necess\u00e1rio para lhe prestarmos os nossos servi\u00e7os ou durante o tempo exigido por lei. Depois disso, os seus dados pessoais ser\u00e3o eliminados. N\u00e3o podemos remover os seus dados quando existe um requisito legal de armazenamento, como as regras de contabilidade ou quando existem outros fundamentos legais para manter os dados, como uma rela\u00e7\u00e3o contratual em curso.<br \/>Os seus direitos ao abrigo da Lei de Prote\u00e7\u00e3o de Dados de 1998 n\u00e3o ser\u00e3o afectados.<\/p><h4>Quais s\u00e3o os seus direitos?<\/h4><p>Tem o direito de solicitar informa\u00e7\u00f5es sobre os dados pessoais que temos sobre si. Se os seus dados estiverem incorrectos, incompletos ou irrelevantes, pode pedir que as informa\u00e7\u00f5es sejam corrigidas ou eliminadas. Anualmente, tem o direito de solicitar documenta\u00e7\u00e3o escrita sobre as informa\u00e7\u00f5es pessoais que temos sobre si nos nossos ficheiros de conta. Pode retirar o seu consentimento para a utiliza\u00e7\u00e3o dos dados para fins de marketing (ou seja, envio de cat\u00e1logos, boletins informativos ou ofertas) em qualquer altura.<br \/>Pode contactar-nos enviando uma carta para Portugaliacork S.A. Rua dos Alquebres 221, 4500-027 Espinho, Portugal ou enviando um e-mail para <span \n                data-original-string='Efvk0yEIpYqJgAwJetMMqg==35fSiuEyZJnRal2d+eyu5tspjn9BCIbPuo00DperP7PDUk='\n                class='apbct-email-encoder'\n                title='Este contacto foi codificado pelo Anti-Spam da CleanTalk. Clique para descodificar. Para terminar a descodifica\u00e7\u00e3o, certifique-se de que o JavaScript est\u00e1 ativado no seu browser.'>em<span class=\"apbct-blur\">**<\/span>@<span class=\"apbct-blur\">************<\/span>rk.com<\/span>.<\/p><h4>Quem tem acesso aos dados?<\/h4><p>Nunca transmitimos, vendemos ou trocamos os seus dados a terceiros para fins de marketing fora da Portugaliacork. Os dados que s\u00e3o transmitidos a terceiros, por exemplo, agentes de transporte relacionados com a entrega de mercadorias, s\u00e3o apenas utilizados para cumprir os compromissos da Portugaliacork para consigo. O Portugaliacork pode tamb\u00e9m fornecer os seus dados pessoais a organiza\u00e7\u00f5es como ag\u00eancias de refer\u00eancia de cr\u00e9dito ou de cobran\u00e7a de d\u00edvidas para efeitos de verifica\u00e7\u00e3o de nota\u00e7\u00e3o de cr\u00e9dito, verifica\u00e7\u00e3o de identidade e cobran\u00e7a de d\u00edvidas.<\/p><h4>Como \u00e9 que protegemos os seus dados?<\/h4><p>Adopt\u00e1mos medidas t\u00e9cnicas e organizacionais para proteger os seus dados contra perda, manipula\u00e7\u00e3o, acesso n\u00e3o autorizado, etc. Adaptamos continuamente as nossas medidas de seguran\u00e7a em fun\u00e7\u00e3o dos progressos e desenvolvimentos tecnol\u00f3gicos. No Portugaliacork, protegemos os seus dados atrav\u00e9s de encripta\u00e7\u00e3o. O Secure Sockets Layer (SSL) \u00e9 uma fun\u00e7\u00e3o que encripta todas as informa\u00e7\u00f5es enviadas entre o comprador e o vendedor.<\/p><h4>Compras com cart\u00e3o<\/h4><p>Para tornar as suas compras com cart\u00e3o o mais seguras poss\u00edvel, todas as informa\u00e7\u00f5es s\u00e3o enviadas de forma encriptada utilizando SSL. Isto significa que as informa\u00e7\u00f5es s\u00e3o transmitidas atrav\u00e9s de uma liga\u00e7\u00e3o segura e que os detalhes do seu cart\u00e3o n\u00e3o podem ser lidos por terceiros.<br \/>Para compras com cart\u00e3o, trabalhamos com um agente de pagamento autorizado que nos ajuda a verificar diretamente com o seu banco se o cart\u00e3o \u00e9 v\u00e1lido para compras. O nosso agente de pagamentos processa os dados do seu cart\u00e3o de forma correcta, de acordo com a norma de seguran\u00e7a internacional PCI DSS, que foi desenvolvida pelas empresas de cart\u00f5es. Isto significa que os dados do seu cart\u00e3o s\u00e3o processados com um n\u00edvel de seguran\u00e7a muito elevado.<br \/>Quando paga com cart\u00e3o, reservamo-nos o direito de efetuar um controlo de identidade.<\/p><h4>Pol\u00edtica de privacidade para os candidatos<\/h4><p>Assumimos a responsabilidade por todos os dados pessoais que recebemos durante o recrutamento ou em concursos. Estes dados s\u00e3o processados dentro da organiza\u00e7\u00e3o do pa\u00eds onde submeteu a sua candidatura, sendo os dados armazenados em Portugal. Se nos apresentar uma candidatura, est\u00e1 a autorizar-nos a processar os seus dados pessoais no \u00e2mbito do nosso processo de recrutamento. S\u00f3 conservamos os seus dados com o seu consentimento. \u00c9 pol\u00edtica do Portugaliacork n\u00e3o pedir informa\u00e7\u00f5es sens\u00edveis aos candidatos a emprego online. Por conseguinte, n\u00e3o nos forne\u00e7a qualquer informa\u00e7\u00e3o sens\u00edvel (por exemplo, ra\u00e7a, etnia, opini\u00f5es pol\u00edticas, religi\u00e3o ou filia\u00e7\u00e3o num sindicato). Tentaremos responder \u00e0 sua candidatura o mais rapidamente poss\u00edvel.<\/p><h4>Cookies<\/h4><p>Um cookie \u00e9 um pequeno ficheiro de texto que \u00e9 guardado e, em visitas subsequentes, recuperado do seu computador ou dispositivo m\u00f3vel. O Portugaliacork utiliza cookies para melhorar e simplificar a sua visita. N\u00e3o utilizamos cookies para armazenar informa\u00e7\u00f5es pessoais ou para divulgar informa\u00e7\u00f5es a terceiros. Existem dois tipos de cookies: permanentes e tempor\u00e1rios (cookies de sess\u00e3o). Os cookies permanentes s\u00e3o armazenados como um ficheiro no seu computador ou dispositivo m\u00f3vel por um per\u00edodo n\u00e3o superior a 12 meses. Os cookies de sess\u00e3o s\u00e3o armazenados temporariamente e desaparecem quando fecha a sess\u00e3o do seu browser. Utilizamos cookies permanentes para guardar a sua escolha de p\u00e1gina inicial e para guardar os seus dados se selecionar \"Lembrar-me\" quando iniciar sess\u00e3o. Utilizamos cookies de sess\u00e3o quando utiliza a fun\u00e7\u00e3o de filtragem de produtos, para verificar se tem sess\u00e3o iniciada ou se coloca um artigo no seu saco de compras. Pode apagar facilmente os cookies do seu computador ou dispositivo m\u00f3vel atrav\u00e9s do seu browser. Para obter instru\u00e7\u00f5es sobre como tratar e apagar cookies, consulte a sec\u00e7\u00e3o \"Ajuda\" do seu browser. Pode optar por desativar os cookies ou receber uma notifica\u00e7\u00e3o sempre que um novo cookie for enviado para o seu computador ou dispositivo m\u00f3vel.<br \/>Tenha em aten\u00e7\u00e3o que, se optar por desativar os cookies, n\u00e3o poder\u00e1 tirar partido de todas as nossas funcionalidades.<\/p><h4>Cookies de terceiros<\/h4><p>Utilizamos cookies de terceiros para recolher estat\u00edsticas de forma agregada em ferramentas de an\u00e1lise como o Google Analytics e o Core Metrics. Os cookies utilizados s\u00e3o cookies permanentes e tempor\u00e1rios (cookies de sess\u00e3o). Os cookies permanentes s\u00e3o armazenados no seu computador ou dispositivo m\u00f3vel por um per\u00edodo n\u00e3o superior a 24 meses.<\/p><h4>Liga\u00e7\u00f5es<\/h4><p>O portugaliacork.com pode incluir liga\u00e7\u00f5es a outros s\u00edtios Web que n\u00e3o est\u00e3o sob a nossa supervis\u00e3o. N\u00e3o podemos aceitar qualquer responsabilidade pela prote\u00e7\u00e3o da privacidade ou pelo conte\u00fado desses s\u00edtios Web, mas disponibilizamos essas liga\u00e7\u00f5es para facilitar aos nossos visitantes a procura de mais informa\u00e7\u00f5es sobre assuntos espec\u00edficos.<\/p><h4>Direitos de autor<\/h4><p>O conte\u00fado deste site est\u00e1 protegido por direitos de autor e \u00e9 propriedade da Portugaliacork S.A.<br \/>Respons\u00e1vel pelo tratamento de dados pessoais<br \/>Portugaliacork S.A.<br \/>Rua dos Alquebres 221<br \/>4500-027 Espinho<br \/>Portugal<br \/>Telefone: +351 227 440 944<br \/>Correio eletr\u00f3nico: <span \n                data-original-string='k3JTpBroQBgIGsLTEF3jsw==35fjP\/eWT4BDE95SISZ3j\/X\/uhzxVLtTPGsNDl\/bmcsqYU='\n                class='apbct-email-encoder'\n                title='Este contacto foi codificado pelo Anti-Spam da CleanTalk. Clique para descodificar. Para terminar a descodifica\u00e7\u00e3o, certifique-se de que o JavaScript est\u00e1 ativado no seu browser.'>em<span class=\"apbct-blur\">**<\/span>@<span class=\"apbct-blur\">************<\/span>rk.com<\/span><br \/>N\u00famero de registo de IVA: VAT NO. PT507 453 891<\/p><p>Data: 11 04 2022<\/p>\t\t\t\t\t\t\t\t<\/div>\n\t\t\t\t<\/div>\n\t\t\t\t<\/div>\n\t\t\t\t<\/div>","protected":false},"excerpt":{"rendered":"<p>PRIVACY POLICY Introduction This Privacy policy only concerns Portugaliacork S.A. customers and users of our online services. Portugaliacork works to ensure that your privacy is protected when using our services. We therefore have a policy setting out how your personal data will be processed and protected. Any changes we have made to this privacy policy [&hellip;]<\/p>\n","protected":false},"author":5,"featured_media":0,"parent":0,"menu_order":0,"comment_status":"closed","ping_status":"closed","template":"","meta":{"footnotes":""},"class_list":["post-1477","page","type-page","status-publish","hentry"],"_links":{"self":[{"href":"https:\/\/portugaliacork.com\/pt\/wp-json\/wp\/v2\/pages\/1477","targetHints":{"allow":["GET"]}}],"collection":[{"href":"https:\/\/portugaliacork.com\/pt\/wp-json\/wp\/v2\/pages"}],"about":[{"href":"https:\/\/portugaliacork.com\/pt\/wp-json\/wp\/v2\/types\/page"}],"author":[{"embeddable":true,"href":"https:\/\/portugaliacork.com\/pt\/wp-json\/wp\/v2\/users\/5"}],"replies":[{"embeddable":true,"href":"https:\/\/portugaliacork.com\/pt\/wp-json\/wp\/v2\/comments?post=1477"}],"version-history":[{"count":0,"href":"https:\/\/portugaliacork.com\/pt\/wp-json\/wp\/v2\/pages\/1477\/revisions"}],"wp:attachment":[{"href":"https:\/\/portugaliacork.com\/pt\/wp-json\/wp\/v2\/media?parent=1477"}],"curies":[{"name":"wp","href":"https:\/\/api.w.org\/{rel}","templated":true}]}}