{"id":1471,"date":"2022-04-11T08:19:27","date_gmt":"2022-04-11T08:19:27","guid":{"rendered":"https:\/\/test.portugaliacork.com\/?page_id=1471"},"modified":"2025-07-08T13:05:24","modified_gmt":"2025-07-08T13:05:24","slug":"servicos","status":"publish","type":"page","link":"https:\/\/portugaliacork.com\/pt\/services\/","title":{"rendered":"Servi\u00e7os"},"content":{"rendered":"<div data-elementor-type=\"wp-page\" data-elementor-id=\"1471\" class=\"elementor elementor-1471\" data-elementor-post-type=\"page\">\n\t\t\t\t<div class=\"elementor-element elementor-element-2a40803 e-con-full e-flex e-con e-parent\" data-id=\"2a40803\" data-element_type=\"container\" data-e-type=\"container\" data-settings=\"{&quot;background_background&quot;:&quot;classic&quot;}\">\n\t\t\t\t<div class=\"elementor-element elementor-element-9d1dd32 elementor-widget elementor-widget-heading\" data-id=\"9d1dd32\" data-element_type=\"widget\" data-e-type=\"widget\" data-widget_type=\"heading.default\">\n\t\t\t\t<div class=\"elementor-widget-container\">\n\t\t\t\t\t<h1 class=\"elementor-heading-title elementor-size-default\">SERVI\u00c7OS<\/h1>\t\t\t\t<\/div>\n\t\t\t\t<\/div>\n\t\t\t\t<\/div>\n\t\t<div class=\"elementor-element elementor-element-41c3e52 e-flex e-con-boxed e-con e-parent\" data-id=\"41c3e52\" data-element_type=\"container\" data-e-type=\"container\">\n\t\t\t\t\t<div class=\"e-con-inner\">\n\t\t<div class=\"elementor-element elementor-element-10a100b e-con-full e-flex e-con e-child\" data-id=\"10a100b\" data-element_type=\"container\" data-e-type=\"container\">\n\t\t\t\t<div class=\"elementor-element elementor-element-bca5861 elementor-widget elementor-widget-text-editor\" data-id=\"bca5861\" data-element_type=\"widget\" data-e-type=\"widget\" data-widget_type=\"text-editor.default\">\n\t\t\t\t<div class=\"elementor-widget-container\">\n\t\t\t\t\t\t\t\t\t<p>No PORTUGALIACORK voc\u00ea \u00e9 \u00fanico. Celebramos a individualidade e acreditamos que cada projeto merece um toque pessoal. Altamente qualificada e orientada para o detalhe, a equipa PORTUGALIACORK est\u00e1 aqui para prestar os melhores servi\u00e7os e dar vida aos seus projectos. O nosso compromisso com a qualidade e inova\u00e7\u00e3o distingue-nos na ind\u00fastria da corti\u00e7a. Cada membro da nossa fam\u00edlia \u00e9 selecionado, formado e apoiado para garantir que a nossa equipa tem as pessoas mais talentosas e dedicadas que cuidar\u00e3o de si e do seu neg\u00f3cio como n\u00f3s cuidamos do nosso.<\/p><p>De <a href=\"https:\/\/portugaliacork.com\/pt\/sustentabilidade\/\">sustent\u00e1vel<\/a> desde o aprovisionamento at\u00e9 ao fabrico meticuloso, asseguramos os mais elevados padr\u00f5es em todas as nossas <a href=\"https:\/\/portugaliacork.com\/pt\/produtos\/\">produtos<\/a>. Com uma produ\u00e7\u00e3o moderna e flex\u00edvel que abrange todas as \u00e1reas da ind\u00fastria da corti\u00e7a, PORTUGALIACORK \u00e9 um ecossistema de corti\u00e7a totalmente integrado. Isto permite-nos n\u00e3o s\u00f3 satisfazer mas tamb\u00e9m exceder as expectativas dos nossos clientes de forma consistente.<\/p>\t\t\t\t\t\t\t\t<\/div>\n\t\t\t\t<\/div>\n\t\t<div class=\"elementor-element elementor-element-49c6c69 e-grid e-con-full e-con e-child\" data-id=\"49c6c69\" data-element_type=\"container\" data-e-type=\"container\">\n\t\t\t\t<div class=\"elementor-element elementor-element-9e7012f elementor-position-top elementor-widget elementor-widget-image-box\" data-id=\"9e7012f\" data-element_type=\"widget\" data-e-type=\"widget\" data-widget_type=\"image-box.default\">\n\t\t\t\t<div class=\"elementor-widget-container\">\n\t\t\t\t\t<div class=\"elementor-image-box-wrapper\"><figure class=\"elementor-image-box-img\"><img fetchpriority=\"high\" decoding=\"async\" width=\"582\" height=\"591\" src=\"https:\/\/www.portugaliacork.fr\/wp-content\/uploads\/2022\/04\/technical-support-icon.png\" class=\"attachment-full size-full wp-image-1665\" alt=\"\u00edcone de apoio t\u00e9cnico\" title=\"\" srcset=\"https:\/\/portugaliacork.com\/wp-content\/uploads\/2022\/04\/technical-support-icon.png 582w, https:\/\/portugaliacork.com\/wp-content\/uploads\/2022\/04\/technical-support-icon-295x300.png 295w\" sizes=\"(max-width: 582px) 100vw, 582px\" \/><\/figure><div class=\"elementor-image-box-content\"><h3 class=\"elementor-image-box-title\">Suporte t\u00e9cnico<\/h3><p class=\"elementor-image-box-description\">Se tiver quaisquer quest\u00f5es, preocupa\u00e7\u00f5es ou necessitar de assist\u00eancia t\u00e9cnica, estamos ao seu dispor. Os nossos especialistas de apoio est\u00e3o prontamente dispon\u00edveis para garantir que recebe a ajuda e a orienta\u00e7\u00e3o necess\u00e1rias.<\/p><\/div><\/div>\t\t\t\t<\/div>\n\t\t\t\t<\/div>\n\t\t\t\t<div class=\"elementor-element elementor-element-8b3277f elementor-position-top elementor-widget elementor-widget-image-box\" data-id=\"8b3277f\" data-element_type=\"widget\" data-e-type=\"widget\" data-widget_type=\"image-box.default\">\n\t\t\t\t<div class=\"elementor-widget-container\">\n\t\t\t\t\t<div class=\"elementor-image-box-wrapper\"><figure class=\"elementor-image-box-img\"><img decoding=\"async\" width=\"706\" height=\"592\" src=\"https:\/\/www.portugaliacork.fr\/wp-content\/uploads\/2022\/04\/joint-venture-icon.png\" class=\"attachment-full size-full wp-image-1667\" alt=\"empresa comum de servi\u00e7os\" title=\"\" srcset=\"https:\/\/portugaliacork.com\/wp-content\/uploads\/2022\/04\/joint-venture-icon.png 706w, https:\/\/portugaliacork.com\/wp-content\/uploads\/2022\/04\/joint-venture-icon-300x252.png 300w\" sizes=\"(max-width: 706px) 100vw, 706px\" \/><\/figure><div class=\"elementor-image-box-content\"><h3 class=\"elementor-image-box-title\">Empresas comuns<\/h3><p class=\"elementor-image-box-description\">Na PORTUGALIACORK, encaramos as parcerias comerciais como uma estrat\u00e9gia essencial para o sucesso m\u00fatuo. Acolhemos oportunidades para novas colabora\u00e7\u00f5es que contribuam para um futuro sustent\u00e1vel e pr\u00f3spero.<\/p><\/div><\/div>\t\t\t\t<\/div>\n\t\t\t\t<\/div>\n\t\t\t\t<div class=\"elementor-element elementor-element-1c1ba4e elementor-position-top elementor-widget elementor-widget-image-box\" data-id=\"1c1ba4e\" data-element_type=\"widget\" data-e-type=\"widget\" data-widget_type=\"image-box.default\">\n\t\t\t\t<div class=\"elementor-widget-container\">\n\t\t\t\t\t<div class=\"elementor-image-box-wrapper\"><figure class=\"elementor-image-box-img\"><img decoding=\"async\" width=\"847\" height=\"591\" src=\"https:\/\/www.portugaliacork.fr\/wp-content\/uploads\/2022\/04\/produc-developent-icon.png\" class=\"attachment-full size-full wp-image-1666\" alt=\"Desenvolvimento de produtos\" title=\"\" srcset=\"https:\/\/portugaliacork.com\/wp-content\/uploads\/2022\/04\/produc-developent-icon.png 847w, https:\/\/portugaliacork.com\/wp-content\/uploads\/2022\/04\/produc-developent-icon-300x209.png 300w, https:\/\/portugaliacork.com\/wp-content\/uploads\/2022\/04\/produc-developent-icon-768x536.png 768w\" sizes=\"(max-width: 847px) 100vw, 847px\" \/><\/figure><div class=\"elementor-image-box-content\"><h3 class=\"elementor-image-box-title\">Desenvolvimento de produtos<\/h3><p class=\"elementor-image-box-description\">A sua vis\u00e3o, aliada \u00e0 nossa experi\u00eancia, representa uma for\u00e7a formid\u00e1vel no desenvolvimento de produtos para a ind\u00fastria da corti\u00e7a. O PORTUGALIACORK possui os conhecimentos, recursos e ferramentas essenciais para assegurar o sucesso do seu projeto. Deixe que o PORTUGALIACORK sirva como o elo vital que transforma as suas aspira\u00e7\u00f5es em realidade.<\/p><\/div><\/div>\t\t\t\t<\/div>\n\t\t\t\t<\/div>\n\t\t\t\t<div class=\"elementor-element elementor-element-321da86 elementor-position-top elementor-widget elementor-widget-image-box\" data-id=\"321da86\" data-element_type=\"widget\" data-e-type=\"widget\" data-widget_type=\"image-box.default\">\n\t\t\t\t<div class=\"elementor-widget-container\">\n\t\t\t\t\t<div class=\"elementor-image-box-wrapper\"><figure class=\"elementor-image-box-img\"><img loading=\"lazy\" decoding=\"async\" width=\"406\" height=\"592\" src=\"https:\/\/www.portugaliacork.fr\/wp-content\/uploads\/2022\/04\/OEM-icon.png\" class=\"attachment-full size-full wp-image-1668\" alt=\"servi\u00e7os Marca pr\u00f3pria e OEM\" title=\"\" srcset=\"https:\/\/portugaliacork.com\/wp-content\/uploads\/2022\/04\/OEM-icon.png 406w, https:\/\/portugaliacork.com\/wp-content\/uploads\/2022\/04\/OEM-icon-206x300.png 206w\" sizes=\"(max-width: 406px) 100vw, 406px\" \/><\/figure><div class=\"elementor-image-box-content\"><h3 class=\"elementor-image-box-title\">Marca pr\u00f3pria e OEM<\/h3><p class=\"elementor-image-box-description\">Se procura estabelecer ou melhorar a sua marca, estamos preparados para o ajudar. Desde os testes e desenvolvimento de produtos at\u00e9 aos ensaios de mercado e produ\u00e7\u00e3o em larga escala, a PORTUGALIACORK compromete-se a acompanh\u00e1-lo ao longo de todo este processo. <\/p><\/div><\/div>\t\t\t\t<\/div>\n\t\t\t\t<\/div>\n\t\t\t\t<\/div>\n\t\t\t\t<div class=\"elementor-element elementor-element-b551d84 elementor-align-center elementor-widget elementor-widget-button\" data-id=\"b551d84\" data-element_type=\"widget\" data-e-type=\"widget\" data-widget_type=\"button.default\">\n\t\t\t\t<div class=\"elementor-widget-container\">\n\t\t\t\t\t\t\t\t\t<div class=\"elementor-button-wrapper\">\n\t\t\t\t\t<a class=\"elementor-button elementor-button-link elementor-size-sm\" href=\"https:\/\/portugaliacork.com\/pt\/contacto\/\">\n\t\t\t\t\t\t<span class=\"elementor-button-content-wrapper\">\n\t\t\t\t\t\t\t\t\t<span class=\"elementor-button-text\">Contactar a nossa equipa de vendas<\/span>\n\t\t\t\t\t<\/span>\n\t\t\t\t\t<\/a>\n\t\t\t\t<\/div>\n\t\t\t\t\t\t\t\t<\/div>\n\t\t\t\t<\/div>\n\t\t\t\t<\/div>\n\t\t\t\t\t<\/div>\n\t\t\t\t<\/div>\n\t\t\t\t<\/div>","protected":false},"excerpt":{"rendered":"<p>SERVICES At PORTUGALIACORK you are unique. We celebrate individuality and believe that every project deserves a personal touch. Highly skilled and detail oriented, PORTUGALIACORK team is here to deliver the best services and bring your projects to life. Our commitment to quality and innovation sets us apart in the cork industry. Each member of our [&hellip;]<\/p>\n","protected":false},"author":5,"featured_media":0,"parent":0,"menu_order":0,"comment_status":"closed","ping_status":"closed","template":"","meta":{"footnotes":""},"class_list":["post-1471","page","type-page","status-publish","hentry"],"_links":{"self":[{"href":"https:\/\/portugaliacork.com\/pt\/wp-json\/wp\/v2\/pages\/1471","targetHints":{"allow":["GET"]}}],"collection":[{"href":"https:\/\/portugaliacork.com\/pt\/wp-json\/wp\/v2\/pages"}],"about":[{"href":"https:\/\/portugaliacork.com\/pt\/wp-json\/wp\/v2\/types\/page"}],"author":[{"embeddable":true,"href":"https:\/\/portugaliacork.com\/pt\/wp-json\/wp\/v2\/users\/5"}],"replies":[{"embeddable":true,"href":"https:\/\/portugaliacork.com\/pt\/wp-json\/wp\/v2\/comments?post=1471"}],"version-history":[{"count":0,"href":"https:\/\/portugaliacork.com\/pt\/wp-json\/wp\/v2\/pages\/1471\/revisions"}],"wp:attachment":[{"href":"https:\/\/portugaliacork.com\/pt\/wp-json\/wp\/v2\/media?parent=1471"}],"curies":[{"name":"wp","href":"https:\/\/api.w.org\/{rel}","templated":true}]}}