{"id":1432,"date":"2022-04-11T07:08:29","date_gmt":"2022-04-11T07:08:29","guid":{"rendered":"https:\/\/test.portugaliacork.com\/?page_id=1432"},"modified":"2025-07-08T12:43:13","modified_gmt":"2025-07-08T12:43:13","slug":"sustentabilidade","status":"publish","type":"page","link":"https:\/\/portugaliacork.com\/pt\/sustainability\/","title":{"rendered":"Sustentabilidade"},"content":{"rendered":"<div data-elementor-type=\"wp-page\" data-elementor-id=\"1432\" class=\"elementor elementor-1432\" data-elementor-post-type=\"page\">\n\t\t\t\t<div class=\"elementor-element elementor-element-a41c0ab e-con-full e-flex e-con e-parent\" data-id=\"a41c0ab\" data-element_type=\"container\" data-e-type=\"container\" data-settings=\"{&quot;background_background&quot;:&quot;classic&quot;}\">\n\t\t\t\t<div class=\"elementor-element elementor-element-32b420e elementor-widget elementor-widget-heading\" data-id=\"32b420e\" data-element_type=\"widget\" data-e-type=\"widget\" data-widget_type=\"heading.default\">\n\t\t\t\t<div class=\"elementor-widget-container\">\n\t\t\t\t\t<h1 class=\"elementor-heading-title elementor-size-default\">SUSTENTABILIDADE<\/h1>\t\t\t\t<\/div>\n\t\t\t\t<\/div>\n\t\t\t\t<\/div>\n\t\t<div class=\"elementor-element elementor-element-9274c50 e-flex e-con-boxed e-con e-parent\" data-id=\"9274c50\" data-element_type=\"container\" data-e-type=\"container\">\n\t\t\t\t\t<div class=\"e-con-inner\">\n\t\t<div class=\"elementor-element elementor-element-4a1c7f7 e-con-full e-flex e-con e-child\" data-id=\"4a1c7f7\" data-element_type=\"container\" data-e-type=\"container\">\n\t\t\t\t<div class=\"elementor-element elementor-element-a9d6d82 elementor-widget elementor-widget-heading\" data-id=\"a9d6d82\" data-element_type=\"widget\" data-e-type=\"widget\" data-widget_type=\"heading.default\">\n\t\t\t\t<div class=\"elementor-widget-container\">\n\t\t\t\t\t<h2 class=\"elementor-heading-title elementor-size-default\">A corti\u00e7a \u00e9 um material sustent\u00e1vel que beneficia tanto o ambiente como a economia<\/h2>\t\t\t\t<\/div>\n\t\t\t\t<\/div>\n\t\t\t\t<\/div>\n\t\t<div class=\"elementor-element elementor-element-3749a08 e-con-full e-flex e-con e-child\" data-id=\"3749a08\" data-element_type=\"container\" data-e-type=\"container\">\n\t\t\t\t<div class=\"elementor-element elementor-element-ed21120 elementor-widget elementor-widget-text-editor\" data-id=\"ed21120\" data-element_type=\"widget\" data-e-type=\"widget\" data-widget_type=\"text-editor.default\">\n\t\t\t\t<div class=\"elementor-widget-container\">\n\t\t\t\t\t\t\t\t\t<p><a href=\"https:\/\/portugaliacork.com\/pt\/sobre-a-cortica\/\">O sobreiro<\/a> \u00e9 uma esp\u00e9cie de \u00e1rvore verdadeiramente not\u00e1vel devido \u00e0s suas propriedades de auto-regenera\u00e7\u00e3o cont\u00ednua e aos seus benef\u00edcios ambientais. A sua longevidade natural permite-lhe produzir corti\u00e7a de alta qualidade de forma sustent\u00e1vel, sem comprometer a fauna e a flora que a rodeiam.<\/p>\n<p>A corti\u00e7a (a camada externa da pele da \u00e1rvore) pode ser extra\u00edda sem causar qualquer dano \u00e0 \u00e1rvore. Nada \u00e9 considerado desperd\u00edcio quando se trata do sobreiro: os seus frutos, folhas e \u00e1cidos naturais contribuem para garantir a sustentabilidade do ecossistema nas \u00e1reas circundantes.<\/p>\t\t\t\t\t\t\t\t<\/div>\n\t\t\t\t<\/div>\n\t\t\t\t<\/div>\n\t\t<div class=\"elementor-element elementor-element-b2da8a2 e-con-full e-flex e-con e-child\" data-id=\"b2da8a2\" data-element_type=\"container\" data-e-type=\"container\">\n\t\t\t\t<div class=\"elementor-element elementor-element-5d8044c elementor-widget elementor-widget-image\" data-id=\"5d8044c\" data-element_type=\"widget\" data-e-type=\"widget\" data-widget_type=\"image.default\">\n\t\t\t\t<div class=\"elementor-widget-container\">\n\t\t\t\t\t\t\t\t\t\t\t\t\t\t\t<img fetchpriority=\"high\" decoding=\"async\" width=\"1240\" height=\"300\" src=\"https:\/\/portugaliacork.de\/wp-content\/uploads\/2022\/04\/sustainability.jpg\" class=\"attachment-full size-full wp-image-1566\" alt=\"corti\u00e7a sustent\u00e1vel\" srcset=\"https:\/\/portugaliacork.com\/wp-content\/uploads\/2022\/04\/sustainability.jpg 1240w, https:\/\/portugaliacork.com\/wp-content\/uploads\/2022\/04\/sustainability-300x73.jpg 300w, https:\/\/portugaliacork.com\/wp-content\/uploads\/2022\/04\/sustainability-1024x248.jpg 1024w, https:\/\/portugaliacork.com\/wp-content\/uploads\/2022\/04\/sustainability-768x186.jpg 768w\" sizes=\"(max-width: 1240px) 100vw, 1240px\" title=\"\">\t\t\t\t\t\t\t\t\t\t\t\t\t\t\t<\/div>\n\t\t\t\t<\/div>\n\t\t\t\t<\/div>\n\t\t\t\t\t<\/div>\n\t\t\t\t<\/div>\n\t\t<div class=\"elementor-element elementor-element-8dd2189 e-flex e-con-boxed e-con e-parent\" data-id=\"8dd2189\" data-element_type=\"container\" data-e-type=\"container\">\n\t\t\t\t\t<div class=\"e-con-inner\">\n\t\t<div class=\"elementor-element elementor-element-55bc807 e-con-full e-flex e-con e-child\" data-id=\"55bc807\" data-element_type=\"container\" data-e-type=\"container\">\n\t\t\t\t<div class=\"elementor-element elementor-element-153ef75 elementor-widget elementor-widget-heading\" data-id=\"153ef75\" data-element_type=\"widget\" data-e-type=\"widget\" data-widget_type=\"heading.default\">\n\t\t\t\t<div class=\"elementor-widget-container\">\n\t\t\t\t\t<h2 class=\"elementor-heading-title elementor-size-default\">Somos corti\u00e7a<\/h2>\t\t\t\t<\/div>\n\t\t\t\t<\/div>\n\t\t\t\t<div class=\"elementor-element elementor-element-6eccd42 elementor-widget elementor-widget-heading\" data-id=\"6eccd42\" data-element_type=\"widget\" data-e-type=\"widget\" data-widget_type=\"heading.default\">\n\t\t\t\t<div class=\"elementor-widget-container\">\n\t\t\t\t\t<h3 class=\"elementor-heading-title elementor-size-default\">A corti\u00e7a tem sido uma parte significativa da heran\u00e7a e da cultura portuguesas, estando no nosso sangue h\u00e1 muitas d\u00e9cadas<\/h3>\t\t\t\t<\/div>\n\t\t\t\t<\/div>\n\t\t\t\t<div class=\"elementor-element elementor-element-82d3ae4 elementor-widget elementor-widget-text-editor\" data-id=\"82d3ae4\" data-element_type=\"widget\" data-e-type=\"widget\" data-widget_type=\"text-editor.default\">\n\t\t\t\t<div class=\"elementor-widget-container\">\n\t\t\t\t\t\t\t\t\t<p>H\u00e1 muito que Portugal e os portugueses reconhecem o valor e a import\u00e2ncia da preserva\u00e7\u00e3o desta \u00e1rvore mediterr\u00e2nica hist\u00f3rica. De facto, o sobreiro est\u00e1 protegido por disposi\u00e7\u00f5es legais desde a Idade M\u00e9dia. Atualmente, goza de muitas mais protec\u00e7\u00f5es e normas de seguran\u00e7a devido \u00e0 compreens\u00e3o da sua import\u00e2ncia para o ambiente e para a economia. A legisla\u00e7\u00e3o local e nacional ajuda a garantir a preserva\u00e7\u00e3o e manuten\u00e7\u00e3o do nosso patrim\u00f3nio. As leis e regulamentos s\u00e3o estabelecidos para proteger este recurso natural nos mais de 736.000 ha (hectares) de floresta de sobreiros. Portugal \u00e9 o pa\u00eds l\u00edder na ind\u00fastria da corti\u00e7a a n\u00edvel mundial. \u00c9 respons\u00e1vel por mais de 100.000 toneladas de corti\u00e7a produzidas anualmente (representando 49,6% de toda a produ\u00e7\u00e3o mundial de corti\u00e7a).<\/p>\n<p>Em 2016, em Portugal, a \"comunidade\" da corti\u00e7a representava mais de 670 empresas registadas. Em conjunto, estima-se que empregavam mais de 9000 pessoas, um n\u00famero que continua a crescer nos \u00faltimos anos. Incluindo \u00e1reas t\u00e3o diferentes como rolhas de corti\u00e7a para engarrafamento de vinho, isolamentos de corti\u00e7a para a constru\u00e7\u00e3o civil, papel de parede e azulejos de corti\u00e7a para design de interiores, tecidos de corti\u00e7a para moda e design, as empresas portuguesas de corti\u00e7a est\u00e3o a liderar a forma como a corti\u00e7a \u00e9 percebida e utilizada em todo o mundo.<\/p>\n<p>Tendo isto em conta, <a href=\"https:\/\/portugaliacork.com\/pt\/sobre\/\">PORTUGALIACORK<\/a> quer apoiar a sustentabilidade da ind\u00fastria da corti\u00e7a. Acreditamos que a melhor abordagem para o conseguir \u00e9 visar os seguintes objectivos:<\/p>\t\t\t\t\t\t\t\t<\/div>\n\t\t\t\t<\/div>\n\t\t\t\t<\/div>\n\t\t<div class=\"elementor-element elementor-element-9787914 e-con-full e-flex e-con e-child\" data-id=\"9787914\" data-element_type=\"container\" data-e-type=\"container\">\n\t\t<div class=\"elementor-element elementor-element-fc9b9b8 e-con-full e-flex e-con e-child\" data-id=\"fc9b9b8\" data-element_type=\"container\" data-e-type=\"container\">\n\t\t\t\t<div class=\"elementor-element elementor-element-78278fe elementor-widget elementor-widget-heading\" data-id=\"78278fe\" data-element_type=\"widget\" data-e-type=\"widget\" data-widget_type=\"heading.default\">\n\t\t\t\t<div class=\"elementor-widget-container\">\n\t\t\t\t\t<h4 class=\"elementor-heading-title elementor-size-default\">100% Corti\u00e7a portuguesa<\/h4>\t\t\t\t<\/div>\n\t\t\t\t<\/div>\n\t\t\t\t<div class=\"elementor-element elementor-element-c8f63f2 elementor-widget elementor-widget-text-editor\" data-id=\"c8f63f2\" data-element_type=\"widget\" data-e-type=\"widget\" data-widget_type=\"text-editor.default\">\n\t\t\t\t<div class=\"elementor-widget-container\">\n\t\t\t\t\t\t\t\t\tGarante o apoio econ\u00f3mico e a subsist\u00eancia de milhares de popula\u00e7\u00f5es rurais em todo o nosso pa\u00eds, mantendo um rigoroso padr\u00e3o de qualidade para os nossos produtos e consumidores. O selo de qualidade das rolhas portuguesas \u00e9 essencial para si e para n\u00f3s.<\/p><p>Quer seja das nossas pr\u00f3prias florestas cultivadas ou de outros parceiros nacionais de confian\u00e7a, o objetivo \u00e9 extrair 100% camadas de corti\u00e7a aut\u00eantica e genu\u00edna de quintas e florestas orientadas para a qualidade.\u00a0<\/p>\t\t\t\t\t\t\t\t<\/div>\n\t\t\t\t<\/div>\n\t\t\t\t<\/div>\n\t\t<div class=\"elementor-element elementor-element-0fd3c3f e-con-full e-flex e-con e-child\" data-id=\"0fd3c3f\" data-element_type=\"container\" data-e-type=\"container\">\n\t\t\t\t<div class=\"elementor-element elementor-element-fc5ec9d elementor-widget elementor-widget-heading\" data-id=\"fc5ec9d\" data-element_type=\"widget\" data-e-type=\"widget\" data-widget_type=\"heading.default\">\n\t\t\t\t<div class=\"elementor-widget-container\">\n\t\t\t\t\t<h4 class=\"elementor-heading-title elementor-size-default\">100% Proveni\u00eancia sustent\u00e1vel<\/h4>\t\t\t\t<\/div>\n\t\t\t\t<\/div>\n\t\t\t\t<div class=\"elementor-element elementor-element-2564f56 elementor-widget elementor-widget-text-editor\" data-id=\"2564f56\" data-element_type=\"widget\" data-e-type=\"widget\" data-widget_type=\"text-editor.default\">\n\t\t\t\t<div class=\"elementor-widget-container\">\n\t\t\t\t\t\t\t\t\tOs montados de sobro s\u00e3o sustent\u00e1veis do ponto de vista ecol\u00f3gico e econ\u00f3mico. Ajudam a regular os recursos h\u00eddricos e desempenham um papel fundamental na preserva\u00e7\u00e3o de v\u00e1rias esp\u00e9cies de fauna e flora. Estas florestas constituem um dos ecossistemas mais ricos do mundo. Portugal representa cerca de 34% da \u00e1rea global de montado de sobro. O programa de preserva\u00e7\u00e3o Natura 2000 classifica estes s\u00edtios florestais como extremamente importantes para a biodiversidade.\t\t\t\t\t\t\t\t<\/div>\n\t\t\t\t<\/div>\n\t\t\t\t<\/div>\n\t\t\t\t<\/div>\n\t\t\t\t\t<\/div>\n\t\t\t\t<\/div>\n\t\t<div class=\"elementor-element elementor-element-a030f07 e-flex e-con-boxed e-con e-parent\" data-id=\"a030f07\" data-element_type=\"container\" data-e-type=\"container\">\n\t\t\t\t\t<div class=\"e-con-inner\">\n\t\t<div class=\"elementor-element elementor-element-5b7d423 e-flex e-con-boxed e-con e-child\" data-id=\"5b7d423\" data-element_type=\"container\" data-e-type=\"container\">\n\t\t\t\t\t<div class=\"e-con-inner\">\n\t\t\t\t<div class=\"elementor-element elementor-element-0cf5734 elementor-widget elementor-widget-heading\" data-id=\"0cf5734\" data-element_type=\"widget\" data-e-type=\"widget\" data-widget_type=\"heading.default\">\n\t\t\t\t<div class=\"elementor-widget-container\">\n\t\t\t\t\t<h4 class=\"elementor-heading-title elementor-size-default\">Sustentabilidade em a\u00e7\u00e3o<\/h4>\t\t\t\t<\/div>\n\t\t\t\t<\/div>\n\t\t\t\t<div class=\"elementor-element elementor-element-c2a6338 elementor-widget elementor-widget-heading\" data-id=\"c2a6338\" data-element_type=\"widget\" data-e-type=\"widget\" data-widget_type=\"heading.default\">\n\t\t\t\t<div class=\"elementor-widget-container\">\n\t\t\t\t\t<h2 class=\"elementor-heading-title elementor-size-default\">Compromisso ambiental<\/h2>\t\t\t\t<\/div>\n\t\t\t\t<\/div>\n\t\t\t\t<div class=\"elementor-element elementor-element-b379052 elementor-widget elementor-widget-text-editor\" data-id=\"b379052\" data-element_type=\"widget\" data-e-type=\"widget\" data-widget_type=\"text-editor.default\">\n\t\t\t\t<div class=\"elementor-widget-container\">\n\t\t\t\t\t\t\t\t\t<p>Na PORTUGALIACORK, dedicamo-nos \u00e0 sustentabilidade ambiental. As nossas iniciativas enfatizam a extra\u00e7\u00e3o respons\u00e1vel de corti\u00e7a e a redu\u00e7\u00e3o de res\u00edduos. Continuamos empenhados em salvaguardar o ambiente enquanto fornecemos produtos de alta qualidade. O PORTUGALIACORK assegura que as pr\u00e1ticas amigas do ambiente s\u00e3o fundamentais para os nossos processos de produ\u00e7\u00e3o.<\/p><p>At\u00e9 2030, aspiramos a implementar uma pol\u00edtica de res\u00edduos zero totalmente operacional. Estamos continuamente a otimizar os nossos processos de produ\u00e7\u00e3o para atingir este objetivo. \u00c0 medida que a nossa atividade se expande, pretendemos desenvolver estrat\u00e9gias ecol\u00f3gicas adicionais que estejam em sintonia com os nossos princ\u00edpios e objectivos. Embora ambiciosas, a execu\u00e7\u00e3o destas iniciativas ir\u00e1 melhorar significativamente a efici\u00eancia global da produ\u00e7\u00e3o no futuro, dando simultaneamente prioridade \u00e0 gest\u00e3o ambiental.<\/p>\t\t\t\t\t\t\t\t<\/div>\n\t\t\t\t<\/div>\n\t\t\t\t\t<\/div>\n\t\t\t\t<\/div>\n\t\t<div class=\"elementor-element elementor-element-96224a7 e-flex e-con-boxed e-con e-child\" data-id=\"96224a7\" data-element_type=\"container\" data-e-type=\"container\">\n\t\t\t\t\t<div class=\"e-con-inner\">\n\t\t<div class=\"elementor-element elementor-element-af07bcf e-con-full e-flex e-con e-child\" data-id=\"af07bcf\" data-element_type=\"container\" data-e-type=\"container\">\n\t\t\t\t<div class=\"elementor-element elementor-element-0b93809 elementor-view-default elementor-position-block-start elementor-mobile-position-block-start elementor-widget elementor-widget-icon-box\" data-id=\"0b93809\" data-element_type=\"widget\" data-e-type=\"widget\" data-widget_type=\"icon-box.default\">\n\t\t\t\t<div class=\"elementor-widget-container\">\n\t\t\t\t\t\t\t<div class=\"elementor-icon-box-wrapper\">\n\n\t\t\t\t\t\t<div class=\"elementor-icon-box-icon\">\n\t\t\t\t<span  class=\"elementor-icon\">\n\t\t\t\t<svg aria-hidden=\"true\" class=\"e-font-icon-svg e-far-check-circle\" viewbox=\"0 0 512 512\" xmlns=\"http:\/\/www.w3.org\/2000\/svg\"><path d=\"M256 8C119.033 8 8 119.033 8 256s111.033 248 248 248 248-111.033 248-248S392.967 8 256 8zm0 48c110.532 0 200 89.451 200 200 0 110.532-89.451 200-200 200-110.532 0-200-89.451-200-200 0-110.532 89.451-200 200-200m140.204 130.267l-22.536-22.718c-4.667-4.705-12.265-4.736-16.97-.068L215.346 303.697l-59.792-60.277c-4.667-4.705-12.265-4.736-16.97-.069l-22.719 22.536c-4.705 4.667-4.736 12.265-.068 16.971l90.781 91.516c4.667 4.705 12.265 4.736 16.97.068l172.589-171.204c4.704-4.668 4.734-12.266.067-16.971z\"><\/path><\/svg>\t\t\t\t<\/span>\n\t\t\t<\/div>\n\t\t\t\n\t\t\t\t\t\t<div class=\"elementor-icon-box-content\">\n\n\t\t\t\t\t\t\t\t\t<h3 class=\"elementor-icon-box-title\">\n\t\t\t\t\t\t<span  >\n\t\t\t\t\t\t\tRedu\u00e7\u00e3o das sobras de p\u00f3s-produ\u00e7\u00e3o\t\t\t\t\t\t<\/span>\n\t\t\t\t\t<\/h3>\n\t\t\t\t\n\t\t\t\t\t\t\t\t\t<p class=\"elementor-icon-box-description\">\n\t\t\t\t\t\t\u00c9 crucial investirmos em utiliza\u00e7\u00f5es novas e inovadoras. A corti\u00e7a pode ser reutilizada como embalagem, material de isolamento ou substrato.\t\t\t\t\t<\/p>\n\t\t\t\t\n\t\t\t<\/div>\n\t\t\t\n\t\t<\/div>\n\t\t\t\t\t\t<\/div>\n\t\t\t\t<\/div>\n\t\t\t\t<\/div>\n\t\t<div class=\"elementor-element elementor-element-25ea453 e-con-full e-flex e-con e-child\" data-id=\"25ea453\" data-element_type=\"container\" data-e-type=\"container\">\n\t\t\t\t<div class=\"elementor-element elementor-element-341c679 elementor-view-default elementor-position-block-start elementor-mobile-position-block-start elementor-widget elementor-widget-icon-box\" data-id=\"341c679\" data-element_type=\"widget\" data-e-type=\"widget\" data-widget_type=\"icon-box.default\">\n\t\t\t\t<div class=\"elementor-widget-container\">\n\t\t\t\t\t\t\t<div class=\"elementor-icon-box-wrapper\">\n\n\t\t\t\t\t\t<div class=\"elementor-icon-box-icon\">\n\t\t\t\t<span  class=\"elementor-icon\">\n\t\t\t\t<svg aria-hidden=\"true\" class=\"e-font-icon-svg e-far-check-circle\" viewbox=\"0 0 512 512\" xmlns=\"http:\/\/www.w3.org\/2000\/svg\"><path d=\"M256 8C119.033 8 8 119.033 8 256s111.033 248 248 248 248-111.033 248-248S392.967 8 256 8zm0 48c110.532 0 200 89.451 200 200 0 110.532-89.451 200-200 200-110.532 0-200-89.451-200-200 0-110.532 89.451-200 200-200m140.204 130.267l-22.536-22.718c-4.667-4.705-12.265-4.736-16.97-.068L215.346 303.697l-59.792-60.277c-4.667-4.705-12.265-4.736-16.97-.069l-22.719 22.536c-4.705 4.667-4.736 12.265-.068 16.971l90.781 91.516c4.667 4.705 12.265 4.736 16.97.068l172.589-171.204c4.704-4.668 4.734-12.266.067-16.971z\"><\/path><\/svg>\t\t\t\t<\/span>\n\t\t\t<\/div>\n\t\t\t\n\t\t\t\t\t\t<div class=\"elementor-icon-box-content\">\n\n\t\t\t\t\t\t\t\t\t<h3 class=\"elementor-icon-box-title\">\n\t\t\t\t\t\t<span  >\n\t\t\t\t\t\t\tAlternativa natural\t\t\t\t\t\t<\/span>\n\t\t\t\t\t<\/h3>\n\t\t\t\t\n\t\t\t\t\t\t\t\t\t<p class=\"elementor-icon-box-description\">\n\t\t\t\t\t\tH\u00e1 dom\u00ednios em que a corti\u00e7a pode e deve substituir materiais sint\u00e9ticos e t\u00f3xicos. O nosso departamento de I&amp;D est\u00e1 continuamente \u00e0 procura destas oportunidades.\t\t\t\t\t<\/p>\n\t\t\t\t\n\t\t\t<\/div>\n\t\t\t\n\t\t<\/div>\n\t\t\t\t\t\t<\/div>\n\t\t\t\t<\/div>\n\t\t\t\t<\/div>\n\t\t<div class=\"elementor-element elementor-element-2032ab9 e-con-full e-flex e-con e-child\" data-id=\"2032ab9\" data-element_type=\"container\" data-e-type=\"container\">\n\t\t\t\t<div class=\"elementor-element elementor-element-76c005f elementor-view-default elementor-position-block-start elementor-mobile-position-block-start elementor-widget elementor-widget-icon-box\" data-id=\"76c005f\" data-element_type=\"widget\" data-e-type=\"widget\" data-widget_type=\"icon-box.default\">\n\t\t\t\t<div class=\"elementor-widget-container\">\n\t\t\t\t\t\t\t<div class=\"elementor-icon-box-wrapper\">\n\n\t\t\t\t\t\t<div class=\"elementor-icon-box-icon\">\n\t\t\t\t<span  class=\"elementor-icon\">\n\t\t\t\t<svg aria-hidden=\"true\" class=\"e-font-icon-svg e-far-check-circle\" viewbox=\"0 0 512 512\" xmlns=\"http:\/\/www.w3.org\/2000\/svg\"><path d=\"M256 8C119.033 8 8 119.033 8 256s111.033 248 248 248 248-111.033 248-248S392.967 8 256 8zm0 48c110.532 0 200 89.451 200 200 0 110.532-89.451 200-200 200-110.532 0-200-89.451-200-200 0-110.532 89.451-200 200-200m140.204 130.267l-22.536-22.718c-4.667-4.705-12.265-4.736-16.97-.068L215.346 303.697l-59.792-60.277c-4.667-4.705-12.265-4.736-16.97-.069l-22.719 22.536c-4.705 4.667-4.736 12.265-.068 16.971l90.781 91.516c4.667 4.705 12.265 4.736 16.97.068l172.589-171.204c4.704-4.668 4.734-12.266.067-16.971z\"><\/path><\/svg>\t\t\t\t<\/span>\n\t\t\t<\/div>\n\t\t\t\n\t\t\t\t\t\t<div class=\"elementor-icon-box-content\">\n\n\t\t\t\t\t\t\t\t\t<h3 class=\"elementor-icon-box-title\">\n\t\t\t\t\t\t<span  >\n\t\t\t\t\t\t\tEnergia renov\u00e1vel\t\t\t\t\t\t<\/span>\n\t\t\t\t\t<\/h3>\n\t\t\t\t\n\t\t\t\t\t\t\t\t\t<p class=\"elementor-icon-box-description\">\n\t\t\t\t\t\tComo parte do nosso compromisso, a PORTUGALIACORK orgulha-se de ter atingido o marco significativo de operar inteiramente com energia solar limpa e renov\u00e1vel. \t\t\t\t\t<\/p>\n\t\t\t\t\n\t\t\t<\/div>\n\t\t\t\n\t\t<\/div>\n\t\t\t\t\t\t<\/div>\n\t\t\t\t<\/div>\n\t\t\t\t<\/div>\n\t\t<div class=\"elementor-element elementor-element-e0df3a2 e-con-full e-flex e-con e-child\" data-id=\"e0df3a2\" data-element_type=\"container\" data-e-type=\"container\">\n\t\t\t\t<div class=\"elementor-element elementor-element-0d96228 elementor-view-default elementor-position-block-start elementor-mobile-position-block-start elementor-widget elementor-widget-icon-box\" data-id=\"0d96228\" data-element_type=\"widget\" data-e-type=\"widget\" data-widget_type=\"icon-box.default\">\n\t\t\t\t<div class=\"elementor-widget-container\">\n\t\t\t\t\t\t\t<div class=\"elementor-icon-box-wrapper\">\n\n\t\t\t\t\t\t<div class=\"elementor-icon-box-icon\">\n\t\t\t\t<span  class=\"elementor-icon\">\n\t\t\t\t<svg aria-hidden=\"true\" class=\"e-font-icon-svg e-far-check-circle\" viewbox=\"0 0 512 512\" xmlns=\"http:\/\/www.w3.org\/2000\/svg\"><path d=\"M256 8C119.033 8 8 119.033 8 256s111.033 248 248 248 248-111.033 248-248S392.967 8 256 8zm0 48c110.532 0 200 89.451 200 200 0 110.532-89.451 200-200 200-110.532 0-200-89.451-200-200 0-110.532 89.451-200 200-200m140.204 130.267l-22.536-22.718c-4.667-4.705-12.265-4.736-16.97-.068L215.346 303.697l-59.792-60.277c-4.667-4.705-12.265-4.736-16.97-.069l-22.719 22.536c-4.705 4.667-4.736 12.265-.068 16.971l90.781 91.516c4.667 4.705 12.265 4.736 16.97.068l172.589-171.204c4.704-4.668 4.734-12.266.067-16.971z\"><\/path><\/svg>\t\t\t\t<\/span>\n\t\t\t<\/div>\n\t\t\t\n\t\t\t\t\t\t<div class=\"elementor-icon-box-content\">\n\n\t\t\t\t\t\t\t\t\t<h3 class=\"elementor-icon-box-title\">\n\t\t\t\t\t\t<span  >\n\t\t\t\t\t\t\tRedu\u00e7\u00e3o dos pl\u00e1sticos de utiliza\u00e7\u00e3o \u00fanica\t\t\t\t\t\t<\/span>\n\t\t\t\t\t<\/h3>\n\t\t\t\t\n\t\t\t\t\t\t\t\t\t<p class=\"elementor-icon-box-description\">\n\t\t\t\t\t\tNas nossas opera\u00e7\u00f5es di\u00e1rias, esfor\u00e7amo-nos por reduzir a utiliza\u00e7\u00e3o de pl\u00e1stico, implementando alternativas amigas do ambiente.\t\t\t\t\t<\/p>\n\t\t\t\t\n\t\t\t<\/div>\n\t\t\t\n\t\t<\/div>\n\t\t\t\t\t\t<\/div>\n\t\t\t\t<\/div>\n\t\t\t\t<\/div>\n\t\t\t\t\t<\/div>\n\t\t\t\t<\/div>\n\t\t\t\t\t<\/div>\n\t\t\t\t<\/div>\n\t\t<div class=\"elementor-element elementor-element-4c5a21b e-flex e-con-boxed e-con e-parent\" data-id=\"4c5a21b\" data-element_type=\"container\" data-e-type=\"container\">\n\t\t\t\t\t<div class=\"e-con-inner\">\n\t\t\t\t<div class=\"elementor-element elementor-element-6092a6d elementor-widget elementor-widget-text-editor\" data-id=\"6092a6d\" data-element_type=\"widget\" data-e-type=\"widget\" data-widget_type=\"text-editor.default\">\n\t\t\t\t<div class=\"elementor-widget-container\">\n\t\t\t\t\t\t\t\t\t<p>Fonte: <a href=\"https:\/\/apcor.pt\/en\/home\" target=\"_blank\" rel=\"noopener\">APCOR<\/a><\/p>\t\t\t\t\t\t\t\t<\/div>\n\t\t\t\t<\/div>\n\t\t\t\t\t<\/div>\n\t\t\t\t<\/div>\n\t\t\t\t<\/div>","protected":false},"excerpt":{"rendered":"<p>SUSTAINABILITY Cork is a sustainable material that benefits both the environment and the economy The cork tree is a truly remarkable tree species due to its continuous self-regenerating properties and environmental benefits. Its natural longevity allows it to produce high-quality cork sustainably without compromising fauna and flora that surrounds it. The cork (the outer skin [&hellip;]<\/p>\n","protected":false},"author":5,"featured_media":0,"parent":0,"menu_order":0,"comment_status":"closed","ping_status":"closed","template":"","meta":{"footnotes":""},"class_list":["post-1432","page","type-page","status-publish","hentry"],"_links":{"self":[{"href":"https:\/\/portugaliacork.com\/pt\/wp-json\/wp\/v2\/pages\/1432","targetHints":{"allow":["GET"]}}],"collection":[{"href":"https:\/\/portugaliacork.com\/pt\/wp-json\/wp\/v2\/pages"}],"about":[{"href":"https:\/\/portugaliacork.com\/pt\/wp-json\/wp\/v2\/types\/page"}],"author":[{"embeddable":true,"href":"https:\/\/portugaliacork.com\/pt\/wp-json\/wp\/v2\/users\/5"}],"replies":[{"embeddable":true,"href":"https:\/\/portugaliacork.com\/pt\/wp-json\/wp\/v2\/comments?post=1432"}],"version-history":[{"count":0,"href":"https:\/\/portugaliacork.com\/pt\/wp-json\/wp\/v2\/pages\/1432\/revisions"}],"wp:attachment":[{"href":"https:\/\/portugaliacork.com\/pt\/wp-json\/wp\/v2\/media?parent=1432"}],"curies":[{"name":"wp","href":"https:\/\/api.w.org\/{rel}","templated":true}]}}