{"id":1837,"date":"2022-04-13T07:28:44","date_gmt":"2022-04-13T07:28:44","guid":{"rendered":"https:\/\/test.portugaliacork.com\/?page_id=1837"},"modified":"2025-07-08T13:19:16","modified_gmt":"2025-07-08T13:19:16","slug":"progetti","status":"publish","type":"page","link":"https:\/\/portugaliacork.com\/it\/projects\/","title":{"rendered":"Progetti"},"content":{"rendered":"<div data-elementor-type=\"wp-page\" data-elementor-id=\"1837\" class=\"elementor elementor-1837\" data-elementor-post-type=\"page\">\n\t\t\t\t<div class=\"elementor-element elementor-element-3009ca6 e-con-full e-flex e-con e-parent\" data-id=\"3009ca6\" data-element_type=\"container\" data-e-type=\"container\" data-settings=\"{&quot;background_background&quot;:&quot;classic&quot;}\">\n\t\t\t\t<div class=\"elementor-element elementor-element-512a950 elementor-widget elementor-widget-heading\" data-id=\"512a950\" data-element_type=\"widget\" data-e-type=\"widget\" data-widget_type=\"heading.default\">\n\t\t\t\t<div class=\"elementor-widget-container\">\n\t\t\t\t\t<h1 class=\"elementor-heading-title elementor-size-default\">PROGETTI<\/h1>\t\t\t\t<\/div>\n\t\t\t\t<\/div>\n\t\t\t\t<\/div>\n\t\t<div class=\"elementor-element elementor-element-4ebad87 e-flex e-con-boxed e-con e-parent\" data-id=\"4ebad87\" data-element_type=\"container\" data-e-type=\"container\">\n\t\t\t\t\t<div class=\"e-con-inner\">\n\t\t<div class=\"elementor-element elementor-element-484c068 e-con-full e-flex e-con e-child\" data-id=\"484c068\" data-element_type=\"container\" data-e-type=\"container\">\n\t\t\t\t<div class=\"elementor-element elementor-element-66ccf73 elementor-widget elementor-widget-text-editor\" data-id=\"66ccf73\" data-element_type=\"widget\" data-e-type=\"widget\" data-widget_type=\"text-editor.default\">\n\t\t\t\t<div class=\"elementor-widget-container\">\n\t\t\t\t\t\t\t\t\t<p>PORTUGALIACORK si impegna attivamente in vari progetti che promuovono la produzione sostenibile di sughero, la conservazione dell'ambiente e lo sviluppo delle comunit\u00e0 in Portogallo. Le nostre iniziative si concentrano sul miglioramento della qualit\u00e0 dei nostri prodotti di sughero, sul sostegno alle comunit\u00e0 locali e sul contributo alla conservazione delle foreste di querce da sughero, uniche e vitali per l'ecosistema.<\/p>\t\t\t\t\t\t\t\t<\/div>\n\t\t\t\t<\/div>\n\t\t\t\t<div class=\"elementor-element elementor-element-2a85377 elementor-widget elementor-widget-heading\" data-id=\"2a85377\" data-element_type=\"widget\" data-e-type=\"widget\" data-widget_type=\"heading.default\">\n\t\t\t\t<div class=\"elementor-widget-container\">\n\t\t\t\t\t<h2 class=\"elementor-heading-title elementor-size-default\">PROGETTI cofinanziati da:<\/h2>\t\t\t\t<\/div>\n\t\t\t\t<\/div>\n\t\t\t\t<div class=\"elementor-element elementor-element-b55444b elementor-widget elementor-widget-text-editor\" data-id=\"b55444b\" data-element_type=\"widget\" data-e-type=\"widget\" data-widget_type=\"text-editor.default\">\n\t\t\t\t<div class=\"elementor-widget-container\">\n\t\t\t\t\t\t\t\t\t<p>Nome del progetto: Sistema di incentivi per la qualificazione e l'internazionalizzazione delle PMI <a href=\"https:\/\/portugaliacork.com\/it\/\">Portoghese<\/a><\/p><p>Codice progetto: NORTE-02-0752-FEDER-071069<\/p><p>Obiettivo principale: Rafforzare la competitivit\u00e0 delle PMI<\/p><p>Regione di intervento: Nord<\/p><p>Beneficiario: PORTUGALIACORK S.A.<\/p><p>Data di approvazione: 2020-12-23<\/p><p>Data di inizio: 2020-10-01<\/p><p>Data di completamento: 2023-06-30<\/p><p>Costo totale ammissibile: 469.980,00 euro<\/p><p>Sostegno finanziario dell'Unione Europea: 211 491,00 euro FESR<\/p><p>Obiettivi del progetto:<\/p><p>Il progetto mira a rafforzare le operazioni internazionali di Portugaliacork, sfruttando il suo potenziale di esportazione attraverso il consolidamento nei mercati in cui \u00e8 gi\u00e0 presente e l'ingresso in nuovi mercati, valorizzando i fattori intangibili di competitivit\u00e0.<\/p>\t\t\t\t\t\t\t\t<\/div>\n\t\t\t\t<\/div>\n\t\t\t\t<div class=\"elementor-element elementor-element-2687729 elementor-widget elementor-widget-image\" data-id=\"2687729\" data-element_type=\"widget\" data-e-type=\"widget\" data-widget_type=\"image.default\">\n\t\t\t\t<div class=\"elementor-widget-container\">\n\t\t\t\t\t\t\t\t\t\t\t\t\t\t\t<img fetchpriority=\"high\" decoding=\"async\" width=\"768\" height=\"99\" src=\"https:\/\/www.portugaliacork.it\/wp-content\/uploads\/2022\/04\/barra_feder-768x99.jpg\" class=\"attachment-medium_large size-medium_large wp-image-1835\" alt=\"progetti portugaliacork\" srcset=\"https:\/\/portugaliacork.com\/wp-content\/uploads\/2022\/04\/barra_feder-768x99.jpg 768w, https:\/\/portugaliacork.com\/wp-content\/uploads\/2022\/04\/barra_feder-300x39.jpg 300w, https:\/\/portugaliacork.com\/wp-content\/uploads\/2022\/04\/barra_feder-1024x132.jpg 1024w, https:\/\/portugaliacork.com\/wp-content\/uploads\/2022\/04\/barra_feder-1536x198.jpg 1536w, https:\/\/portugaliacork.com\/wp-content\/uploads\/2022\/04\/barra_feder-2048x264.jpg 2048w\" sizes=\"(max-width: 768px) 100vw, 768px\" title=\"\">\t\t\t\t\t\t\t\t\t\t\t\t\t\t\t<\/div>\n\t\t\t\t<\/div>\n\t\t\t\t<div class=\"elementor-element elementor-element-bfaef59 elementor-widget elementor-widget-text-editor\" data-id=\"bfaef59\" data-element_type=\"widget\" data-e-type=\"widget\" data-widget_type=\"text-editor.default\">\n\t\t\t\t<div class=\"elementor-widget-container\">\n\t\t\t\t\t\t\t\t\t<p><a href=\"https:\/\/www.norte2020.pt\" target=\"_blank\" rel=\"noopener\">NORTE 2020<\/a> \u00e8 uno strumento finanziario a sostegno dello sviluppo regionale nel Nord del Portogallo<\/p>\t\t\t\t\t\t\t\t<\/div>\n\t\t\t\t<\/div>\n\t\t\t\t<\/div>\n\t\t\t\t\t<\/div>\n\t\t\t\t<\/div>\n\t\t\t\t<\/div>","protected":false},"excerpt":{"rendered":"<p>PROJECTS PORTUGALIACORK actively engages in various projects that promote sustainable cork production, environmental conservation, and community development in Portugal. Our initiatives focus on enhancing the quality of our cork products, supporting local communities, and contributing to the preservation of the unique cork oak forests that are vital to the ecosystem. PROJECTS co-financed by: Project Name: [&hellip;]<\/p>\n","protected":false},"author":5,"featured_media":0,"parent":0,"menu_order":0,"comment_status":"closed","ping_status":"closed","template":"","meta":{"footnotes":""},"class_list":["post-1837","page","type-page","status-publish","hentry"],"_links":{"self":[{"href":"https:\/\/portugaliacork.com\/it\/wp-json\/wp\/v2\/pages\/1837","targetHints":{"allow":["GET"]}}],"collection":[{"href":"https:\/\/portugaliacork.com\/it\/wp-json\/wp\/v2\/pages"}],"about":[{"href":"https:\/\/portugaliacork.com\/it\/wp-json\/wp\/v2\/types\/page"}],"author":[{"embeddable":true,"href":"https:\/\/portugaliacork.com\/it\/wp-json\/wp\/v2\/users\/5"}],"replies":[{"embeddable":true,"href":"https:\/\/portugaliacork.com\/it\/wp-json\/wp\/v2\/comments?post=1837"}],"version-history":[{"count":0,"href":"https:\/\/portugaliacork.com\/it\/wp-json\/wp\/v2\/pages\/1837\/revisions"}],"wp:attachment":[{"href":"https:\/\/portugaliacork.com\/it\/wp-json\/wp\/v2\/media?parent=1837"}],"curies":[{"name":"wp","href":"https:\/\/api.w.org\/{rel}","templated":true}]}}