{"id":1829,"date":"2022-04-13T07:17:02","date_gmt":"2022-04-13T07:17:02","guid":{"rendered":"https:\/\/test.portugaliacork.com\/?page_id=1829"},"modified":"2025-06-11T12:41:45","modified_gmt":"2025-06-11T12:41:45","slug":"productos-de-embotellado","status":"publish","type":"page","link":"https:\/\/portugaliacork.com\/es\/bottling-products\/","title":{"rendered":"Productos de embotellado"},"content":{"rendered":"<div data-elementor-type=\"wp-page\" data-elementor-id=\"1829\" class=\"elementor elementor-1829\" data-elementor-post-type=\"page\">\n\t\t\t\t\t\t<section class=\"elementor-section elementor-top-section elementor-element elementor-element-be47e4b elementor-section-boxed elementor-section-height-default elementor-section-height-default\" data-id=\"be47e4b\" data-element_type=\"section\" data-e-type=\"section\">\n\t\t\t\t\t\t<div class=\"elementor-container elementor-column-gap-default\">\n\t\t\t\t\t<div class=\"elementor-column elementor-col-100 elementor-top-column elementor-element elementor-element-695930c\" data-id=\"695930c\" data-element_type=\"column\" data-e-type=\"column\">\n\t\t\t<div class=\"elementor-widget-wrap elementor-element-populated\">\n\t\t\t\t\t\t<div class=\"elementor-element elementor-element-f372fe1 elementor-widget elementor-widget-heading\" data-id=\"f372fe1\" data-element_type=\"widget\" data-e-type=\"widget\" data-widget_type=\"heading.default\">\n\t\t\t\t<div class=\"elementor-widget-container\">\n\t\t\t\t\t<h1 class=\"elementor-heading-title elementor-size-default\">Productos y accesorios de embotellado<\/h1>\t\t\t\t<\/div>\n\t\t\t\t<\/div>\n\t\t\t\t<div class=\"elementor-element elementor-element-eca3fe5 elementor-widget elementor-widget-text-editor\" data-id=\"eca3fe5\" data-element_type=\"widget\" data-e-type=\"widget\" data-widget_type=\"text-editor.default\">\n\t\t\t\t<div class=\"elementor-widget-container\">\n\t\t\t\t\t\t\t\t\t<p>Complete su proceso de embotellado con un envase impecable. Portugaliacork ofrece una amplia gama de productos complementarios para el embotellado, como c\u00e1psulas para vino y bozales para champ\u00e1n. Tambi\u00e9n estamos produciendo diferentes tipos de dosificadores de aceite y vertedores para vino. Para los productores iniciales, estamos ofreciendo diferentes tipos de maquinaria de embotellado manual.<\/p>\t\t\t\t\t\t\t\t<\/div>\n\t\t\t\t<\/div>\n\t\t\t\t\t<\/div>\n\t\t<\/div>\n\t\t\t\t\t<\/div>\n\t\t<\/section>\n\t\t\t\t<section class=\"elementor-section elementor-top-section elementor-element elementor-element-19fdd9a elementor-section-boxed elementor-section-height-default elementor-section-height-default\" data-id=\"19fdd9a\" data-element_type=\"section\" data-e-type=\"section\">\n\t\t\t\t\t\t<div class=\"elementor-container elementor-column-gap-default\">\n\t\t\t\t\t<div class=\"elementor-column elementor-col-25 elementor-top-column elementor-element elementor-element-c7fa223\" data-id=\"c7fa223\" data-element_type=\"column\" data-e-type=\"column\">\n\t\t\t<div class=\"elementor-widget-wrap elementor-element-populated\">\n\t\t\t\t\t\t<div class=\"elementor-element elementor-element-9ff516c elementor-widget elementor-widget-image\" data-id=\"9ff516c\" data-element_type=\"widget\" data-e-type=\"widget\" data-widget_type=\"image.default\">\n\t\t\t\t<div class=\"elementor-widget-container\">\n\t\t\t\t\t\t\t\t\t\t\t\t\t\t\t<img fetchpriority=\"high\" decoding=\"async\" width=\"500\" height=\"500\" src=\"https:\/\/www.portugaliacork.ca\/wp-content\/uploads\/2022\/04\/wire-cage.jpg\" class=\"attachment-full size-full wp-image-1882\" alt=\"jaula de alambre\" srcset=\"https:\/\/portugaliacork.com\/wp-content\/uploads\/2022\/04\/wire-cage.jpg 500w, https:\/\/portugaliacork.com\/wp-content\/uploads\/2022\/04\/wire-cage-300x300.jpg 300w, https:\/\/portugaliacork.com\/wp-content\/uploads\/2022\/04\/wire-cage-150x150.jpg 150w\" sizes=\"(max-width: 500px) 100vw, 500px\" title=\"\">\t\t\t\t\t\t\t\t\t\t\t\t\t\t\t<\/div>\n\t\t\t\t<\/div>\n\t\t\t\t<div class=\"elementor-element elementor-element-1ee395c elementor-widget elementor-widget-text-editor\" data-id=\"1ee395c\" data-element_type=\"widget\" data-e-type=\"widget\" data-widget_type=\"text-editor.default\">\n\t\t\t\t<div class=\"elementor-widget-container\">\n\t\t\t\t\t\t\t\t\t<h6>Bozales \/ canastillas<\/h6><div class=\"page\" title=\"P\u00e1gina 11\"><div class=\"layoutArea\"><div class=\"column\"><p>El bozal representa una funci\u00f3n crucial para mantener el corcho en su sitio y evitar su expulsi\u00f3n debido a la presi\u00f3n interior de la botella.<\/p><\/div><\/div><\/div>\t\t\t\t\t\t\t\t<\/div>\n\t\t\t\t<\/div>\n\t\t\t\t\t<\/div>\n\t\t<\/div>\n\t\t\t\t<div class=\"elementor-column elementor-col-25 elementor-top-column elementor-element elementor-element-d43da41\" data-id=\"d43da41\" data-element_type=\"column\" data-e-type=\"column\">\n\t\t\t<div class=\"elementor-widget-wrap elementor-element-populated\">\n\t\t\t\t\t\t<div class=\"elementor-element elementor-element-eb3b2e0 elementor-widget elementor-widget-image\" data-id=\"eb3b2e0\" data-element_type=\"widget\" data-e-type=\"widget\" data-widget_type=\"image.default\">\n\t\t\t\t<div class=\"elementor-widget-container\">\n\t\t\t\t\t\t\t\t\t\t\t\t\t\t\t<img decoding=\"async\" width=\"500\" height=\"500\" src=\"https:\/\/www.portugaliacork.ca\/wp-content\/uploads\/2022\/04\/wine-pourer.jpg\" class=\"attachment-full size-full wp-image-1881\" alt=\"vinatero\" srcset=\"https:\/\/portugaliacork.com\/wp-content\/uploads\/2022\/04\/wine-pourer.jpg 500w, https:\/\/portugaliacork.com\/wp-content\/uploads\/2022\/04\/wine-pourer-300x300.jpg 300w, https:\/\/portugaliacork.com\/wp-content\/uploads\/2022\/04\/wine-pourer-150x150.jpg 150w\" sizes=\"(max-width: 500px) 100vw, 500px\" title=\"\">\t\t\t\t\t\t\t\t\t\t\t\t\t\t\t<\/div>\n\t\t\t\t<\/div>\n\t\t\t\t<div class=\"elementor-element elementor-element-2ee27e8 elementor-widget elementor-widget-text-editor\" data-id=\"2ee27e8\" data-element_type=\"widget\" data-e-type=\"widget\" data-widget_type=\"text-editor.default\">\n\t\t\t\t<div class=\"elementor-widget-container\">\n\t\t\t\t\t\t\t\t\t<h6>Dosificadores \/ vertedores<\/h6><div class=\"page\" title=\"P\u00e1gina 1\"><div class=\"layoutArea\"><div class=\"column\"><p>Ideal para sustituir el tap\u00f3n de corcho original o la tapa en todo tipo de aceite de oliva, vinagre, licores y otras bebidas para facilitar el proceso de vertido.<\/p><\/div><\/div><\/div>\t\t\t\t\t\t\t\t<\/div>\n\t\t\t\t<\/div>\n\t\t\t\t\t<\/div>\n\t\t<\/div>\n\t\t\t\t<div class=\"elementor-column elementor-col-25 elementor-top-column elementor-element elementor-element-6938a4f\" data-id=\"6938a4f\" data-element_type=\"column\" data-e-type=\"column\">\n\t\t\t<div class=\"elementor-widget-wrap elementor-element-populated\">\n\t\t\t\t\t\t<div class=\"elementor-element elementor-element-70e041e elementor-widget elementor-widget-image\" data-id=\"70e041e\" data-element_type=\"widget\" data-e-type=\"widget\" data-widget_type=\"image.default\">\n\t\t\t\t<div class=\"elementor-widget-container\">\n\t\t\t\t\t\t\t\t\t\t\t\t\t\t\t<img decoding=\"async\" width=\"500\" height=\"500\" src=\"https:\/\/www.portugaliacork.ca\/wp-content\/uploads\/2022\/04\/wine-capsule-1.jpg\" class=\"attachment-full size-full wp-image-1880\" alt=\"c\u00e1psula de vino-1\" srcset=\"https:\/\/portugaliacork.com\/wp-content\/uploads\/2022\/04\/wine-capsule-1.jpg 500w, https:\/\/portugaliacork.com\/wp-content\/uploads\/2022\/04\/wine-capsule-1-300x300.jpg 300w, https:\/\/portugaliacork.com\/wp-content\/uploads\/2022\/04\/wine-capsule-1-150x150.jpg 150w\" sizes=\"(max-width: 500px) 100vw, 500px\" title=\"\">\t\t\t\t\t\t\t\t\t\t\t\t\t\t\t<\/div>\n\t\t\t\t<\/div>\n\t\t\t\t<div class=\"elementor-element elementor-element-da4717c elementor-widget elementor-widget-text-editor\" data-id=\"da4717c\" data-element_type=\"widget\" data-e-type=\"widget\" data-widget_type=\"text-editor.default\">\n\t\t\t\t<div class=\"elementor-widget-container\">\n\t\t\t\t\t\t\t\t\t<h6 style=\"color: #000000; text-align: center;\">C\u00e1psulas de PVC<\/h6><div class=\"page\" style=\"text-align: center;\" title=\"P\u00e1gina 18\"><div class=\"layoutArea\"><div class=\"column\"><p>Con la mejor relaci\u00f3n calidad\/precio, las c\u00e1psulas de PVC est\u00e1n fabricadas con pel\u00edcula termorretr\u00e1ctil de PVC monoorientado (cloruro de polivinilo).<\/p><\/div><\/div><\/div>\t\t\t\t\t\t\t\t<\/div>\n\t\t\t\t<\/div>\n\t\t\t\t\t<\/div>\n\t\t<\/div>\n\t\t\t\t<div class=\"elementor-column elementor-col-25 elementor-top-column elementor-element elementor-element-3de60f0\" data-id=\"3de60f0\" data-element_type=\"column\" data-e-type=\"column\">\n\t\t\t<div class=\"elementor-widget-wrap elementor-element-populated\">\n\t\t\t\t\t\t<div class=\"elementor-element elementor-element-d5cee53 elementor-widget elementor-widget-image\" data-id=\"d5cee53\" data-element_type=\"widget\" data-e-type=\"widget\" data-widget_type=\"image.default\">\n\t\t\t\t<div class=\"elementor-widget-container\">\n\t\t\t\t\t\t\t\t\t\t\t\t\t\t\t<img loading=\"lazy\" decoding=\"async\" width=\"500\" height=\"500\" src=\"https:\/\/www.portugaliacork.ca\/wp-content\/uploads\/2022\/04\/wine-capsule-3.jpg\" class=\"attachment-full size-full wp-image-1888\" alt=\"c\u00e1psula de vino-3\" srcset=\"https:\/\/portugaliacork.com\/wp-content\/uploads\/2022\/04\/wine-capsule-3.jpg 500w, https:\/\/portugaliacork.com\/wp-content\/uploads\/2022\/04\/wine-capsule-3-300x300.jpg 300w, https:\/\/portugaliacork.com\/wp-content\/uploads\/2022\/04\/wine-capsule-3-150x150.jpg 150w\" sizes=\"(max-width: 500px) 100vw, 500px\" title=\"\">\t\t\t\t\t\t\t\t\t\t\t\t\t\t\t<\/div>\n\t\t\t\t<\/div>\n\t\t\t\t<div class=\"elementor-element elementor-element-f037fcd elementor-widget elementor-widget-text-editor\" data-id=\"f037fcd\" data-element_type=\"widget\" data-e-type=\"widget\" data-widget_type=\"text-editor.default\">\n\t\t\t\t<div class=\"elementor-widget-container\">\n\t\t\t\t\t\t\t\t\t<h6 style=\"color: #000000; text-align: center;\">C\u00e1psulas biodegradables<\/h6><div class=\"page\" style=\"text-align: center;\" title=\"P\u00e1gina 19\"><div class=\"layoutArea\"><div class=\"column\"><p>Desarrolladas espec\u00edficamente para ser 100% biodegradables, estas c\u00e1psulas tienen un impacto neutro en el medio ambiente.<\/p><\/div><\/div><\/div>\t\t\t\t\t\t\t\t<\/div>\n\t\t\t\t<\/div>\n\t\t\t\t\t<\/div>\n\t\t<\/div>\n\t\t\t\t\t<\/div>\n\t\t<\/section>\n\t\t\t\t<section class=\"elementor-section elementor-top-section elementor-element elementor-element-36635ee elementor-section-boxed elementor-section-height-default elementor-section-height-default\" data-id=\"36635ee\" data-element_type=\"section\" data-e-type=\"section\">\n\t\t\t\t\t\t<div class=\"elementor-container elementor-column-gap-default\">\n\t\t\t\t\t<div class=\"elementor-column elementor-col-25 elementor-top-column elementor-element elementor-element-e3671e8\" data-id=\"e3671e8\" data-element_type=\"column\" data-e-type=\"column\">\n\t\t\t<div class=\"elementor-widget-wrap elementor-element-populated\">\n\t\t\t\t\t\t<div class=\"elementor-element elementor-element-802776a elementor-widget elementor-widget-image\" data-id=\"802776a\" data-element_type=\"widget\" data-e-type=\"widget\" data-widget_type=\"image.default\">\n\t\t\t\t<div class=\"elementor-widget-container\">\n\t\t\t\t\t\t\t\t\t\t\t\t\t\t\t<img loading=\"lazy\" decoding=\"async\" width=\"500\" height=\"500\" src=\"https:\/\/www.portugaliacork.ca\/wp-content\/uploads\/2022\/04\/wine-capsule-2.jpg\" class=\"attachment-large size-large wp-image-1879\" alt=\"c\u00e1psula de vino-2\" srcset=\"https:\/\/portugaliacork.com\/wp-content\/uploads\/2022\/04\/wine-capsule-2.jpg 500w, https:\/\/portugaliacork.com\/wp-content\/uploads\/2022\/04\/wine-capsule-2-300x300.jpg 300w, https:\/\/portugaliacork.com\/wp-content\/uploads\/2022\/04\/wine-capsule-2-150x150.jpg 150w\" sizes=\"(max-width: 500px) 100vw, 500px\" title=\"\">\t\t\t\t\t\t\t\t\t\t\t\t\t\t\t<\/div>\n\t\t\t\t<\/div>\n\t\t\t\t<div class=\"elementor-element elementor-element-8840201 elementor-widget elementor-widget-text-editor\" data-id=\"8840201\" data-element_type=\"widget\" data-e-type=\"widget\" data-widget_type=\"text-editor.default\">\n\t\t\t\t<div class=\"elementor-widget-container\">\n\t\t\t\t\t\t\t\t\t<h6 style=\"color: #000000; text-align: center;\">C\u00e1psulas de Polylam<\/h6><div class=\"page\" style=\"text-align: center;\" title=\"P\u00e1gina 20\"><div class=\"layoutArea\"><div class=\"column\"><p>Aplicadas por acci\u00f3n de moldeo mec\u00e1nico, las c\u00e1psulas de Polylam permiten una impresi\u00f3n de alta calidad y un acabado detallado para un aspecto visual m\u00e1s lujoso.<\/p><\/div><\/div><\/div>\t\t\t\t\t\t\t\t<\/div>\n\t\t\t\t<\/div>\n\t\t\t\t\t<\/div>\n\t\t<\/div>\n\t\t\t\t<div class=\"elementor-column elementor-col-25 elementor-top-column elementor-element elementor-element-b1afe9a\" data-id=\"b1afe9a\" data-element_type=\"column\" data-e-type=\"column\">\n\t\t\t<div class=\"elementor-widget-wrap elementor-element-populated\">\n\t\t\t\t\t\t<div class=\"elementor-element elementor-element-976eaf4 elementor-widget elementor-widget-image\" data-id=\"976eaf4\" data-element_type=\"widget\" data-e-type=\"widget\" data-widget_type=\"image.default\">\n\t\t\t\t<div class=\"elementor-widget-container\">\n\t\t\t\t\t\t\t\t\t\t\t\t\t\t\t<img loading=\"lazy\" decoding=\"async\" width=\"500\" height=\"500\" src=\"https:\/\/www.portugaliacork.ca\/wp-content\/uploads\/2022\/04\/champagne-capsule.jpg\" class=\"attachment-large size-large wp-image-1878\" alt=\"c\u00e1psula de champ\u00e1n\" srcset=\"https:\/\/portugaliacork.com\/wp-content\/uploads\/2022\/04\/champagne-capsule.jpg 500w, https:\/\/portugaliacork.com\/wp-content\/uploads\/2022\/04\/champagne-capsule-300x300.jpg 300w, https:\/\/portugaliacork.com\/wp-content\/uploads\/2022\/04\/champagne-capsule-150x150.jpg 150w\" sizes=\"(max-width: 500px) 100vw, 500px\" title=\"\">\t\t\t\t\t\t\t\t\t\t\t\t\t\t\t<\/div>\n\t\t\t\t<\/div>\n\t\t\t\t<div class=\"elementor-element elementor-element-6cbf51b elementor-widget elementor-widget-text-editor\" data-id=\"6cbf51b\" data-element_type=\"widget\" data-e-type=\"widget\" data-widget_type=\"text-editor.default\">\n\t\t\t\t<div class=\"elementor-widget-container\">\n\t\t\t\t\t\t\t\t\t<h6 style=\"color: #000000; text-align: center;\">C\u00e1psulas de champ\u00e1n<\/h6><div class=\"page\" style=\"text-align: center;\" title=\"P\u00e1gina 21\"><div class=\"layoutArea\"><div class=\"column\"><p>La primera elecci\u00f3n para Champagnes, Cavas, Spumantis, Sidras, Cervezas y otras bebidas espumosas...<\/p><\/div><\/div><\/div>\t\t\t\t\t\t\t\t<\/div>\n\t\t\t\t<\/div>\n\t\t\t\t\t<\/div>\n\t\t<\/div>\n\t\t\t\t<div class=\"elementor-column elementor-col-25 elementor-top-column elementor-element elementor-element-fa6e73b\" data-id=\"fa6e73b\" data-element_type=\"column\" data-e-type=\"column\">\n\t\t\t<div class=\"elementor-widget-wrap elementor-element-populated\">\n\t\t\t\t\t\t<div class=\"elementor-element elementor-element-631f381 elementor-widget elementor-widget-image\" data-id=\"631f381\" data-element_type=\"widget\" data-e-type=\"widget\" data-widget_type=\"image.default\">\n\t\t\t\t<div class=\"elementor-widget-container\">\n\t\t\t\t\t\t\t\t\t\t\t\t\t\t\t<img decoding=\"async\" src=\"https:\/\/www.portugaliacork.ca\/wp-content\/uploads\/2022\/04\/bottle-1.jpg\" title=\"botella-1\" alt=\"botella-1\" loading=\"lazy\" \/>\t\t\t\t\t\t\t\t\t\t\t\t\t\t\t<\/div>\n\t\t\t\t<\/div>\n\t\t\t\t<div class=\"elementor-element elementor-element-e7a195b elementor-widget elementor-widget-text-editor\" data-id=\"e7a195b\" data-element_type=\"widget\" data-e-type=\"widget\" data-widget_type=\"text-editor.default\">\n\t\t\t\t<div class=\"elementor-widget-container\">\n\t\t\t\t\t\t\t\t\t<h6 style=\"color: #000000; text-align: center;\">Botellas de vino de cristal<\/h6><p>Ya sea para vino, cerveza o licores, le ofrecemos una amplia gama de botellas de distintos tama\u00f1os y colores.\u00a0<\/p>\t\t\t\t\t\t\t\t<\/div>\n\t\t\t\t<\/div>\n\t\t\t\t\t<\/div>\n\t\t<\/div>\n\t\t\t\t<div class=\"elementor-column elementor-col-25 elementor-top-column elementor-element elementor-element-1fab150\" data-id=\"1fab150\" data-element_type=\"column\" data-e-type=\"column\">\n\t\t\t<div class=\"elementor-widget-wrap elementor-element-populated\">\n\t\t\t\t\t\t<div class=\"elementor-element elementor-element-282e22a elementor-widget elementor-widget-image\" data-id=\"282e22a\" data-element_type=\"widget\" data-e-type=\"widget\" data-widget_type=\"image.default\">\n\t\t\t\t<div class=\"elementor-widget-container\">\n\t\t\t\t\t\t\t\t\t\t\t\t\t\t\t<img loading=\"lazy\" decoding=\"async\" width=\"500\" height=\"500\" src=\"https:\/\/www.portugaliacork.ca\/wp-content\/uploads\/2022\/04\/barrel.jpg\" class=\"attachment-large size-large wp-image-1887\" alt=\"barril\" srcset=\"https:\/\/portugaliacork.com\/wp-content\/uploads\/2022\/04\/barrel.jpg 500w, https:\/\/portugaliacork.com\/wp-content\/uploads\/2022\/04\/barrel-300x300.jpg 300w, https:\/\/portugaliacork.com\/wp-content\/uploads\/2022\/04\/barrel-150x150.jpg 150w\" sizes=\"(max-width: 500px) 100vw, 500px\" title=\"\">\t\t\t\t\t\t\t\t\t\t\t\t\t\t\t<\/div>\n\t\t\t\t<\/div>\n\t\t\t\t<div class=\"elementor-element elementor-element-56b4b77 elementor-widget elementor-widget-text-editor\" data-id=\"56b4b77\" data-element_type=\"widget\" data-e-type=\"widget\" data-widget_type=\"text-editor.default\">\n\t\t\t\t<div class=\"elementor-widget-container\">\n\t\t\t\t\t\t\t\t\t<h6 style=\"color: #000000; text-align: center;\">Barriles<\/h6><div class=\"page\" style=\"text-align: center;\" title=\"P\u00e1gina 23\"><div class=\"section\"><div class=\"layoutArea\"><div class=\"column\"><p>Envejezca sus vinos, licores, co\u00f1acs y otras bebidas con barricas de primera calidad fabricadas a mano en Portugal seg\u00fan las normas de calidad m\u00e1s exigentes.<\/p><\/div><\/div><\/div><\/div>\t\t\t\t\t\t\t\t<\/div>\n\t\t\t\t<\/div>\n\t\t\t\t\t<\/div>\n\t\t<\/div>\n\t\t\t\t\t<\/div>\n\t\t<\/section>\n\t\t\t\t<section class=\"elementor-section elementor-top-section elementor-element elementor-element-6d66e63 elementor-section-boxed elementor-section-height-default elementor-section-height-default\" data-id=\"6d66e63\" data-element_type=\"section\" data-e-type=\"section\">\n\t\t\t\t\t\t<div class=\"elementor-container elementor-column-gap-default\">\n\t\t\t\t\t<div class=\"elementor-column elementor-col-25 elementor-top-column elementor-element elementor-element-bbdd6bf\" data-id=\"bbdd6bf\" data-element_type=\"column\" data-e-type=\"column\">\n\t\t\t<div class=\"elementor-widget-wrap elementor-element-populated\">\n\t\t\t\t\t\t<div class=\"elementor-element elementor-element-62bb076 elementor-widget elementor-widget-image\" data-id=\"62bb076\" data-element_type=\"widget\" data-e-type=\"widget\" data-widget_type=\"image.default\">\n\t\t\t\t<div class=\"elementor-widget-container\">\n\t\t\t\t\t\t\t\t\t\t\t\t\t\t\t<img loading=\"lazy\" decoding=\"async\" width=\"500\" height=\"500\" src=\"https:\/\/www.portugaliacork.ca\/wp-content\/uploads\/2022\/04\/bottling-machine-1.jpg\" class=\"attachment-large size-large wp-image-1886\" alt=\"m\u00e1quina embotelladora-1\" srcset=\"https:\/\/portugaliacork.com\/wp-content\/uploads\/2022\/04\/bottling-machine-1.jpg 500w, https:\/\/portugaliacork.com\/wp-content\/uploads\/2022\/04\/bottling-machine-1-300x300.jpg 300w, https:\/\/portugaliacork.com\/wp-content\/uploads\/2022\/04\/bottling-machine-1-150x150.jpg 150w\" sizes=\"(max-width: 500px) 100vw, 500px\" title=\"\">\t\t\t\t\t\t\t\t\t\t\t\t\t\t\t<\/div>\n\t\t\t\t<\/div>\n\t\t\t\t<div class=\"elementor-element elementor-element-af8c872 elementor-widget elementor-widget-text-editor\" data-id=\"af8c872\" data-element_type=\"widget\" data-e-type=\"widget\" data-widget_type=\"text-editor.default\">\n\t\t\t\t<div class=\"elementor-widget-container\">\n\t\t\t\t\t\t\t\t\t<h6 style=\"color: #000000; text-align: center;\">Mini embotelladora industrial<\/h6>\t\t\t\t\t\t\t\t<\/div>\n\t\t\t\t<\/div>\n\t\t\t\t\t<\/div>\n\t\t<\/div>\n\t\t\t\t<div class=\"elementor-column elementor-col-25 elementor-top-column elementor-element elementor-element-6c72916\" data-id=\"6c72916\" data-element_type=\"column\" data-e-type=\"column\">\n\t\t\t<div class=\"elementor-widget-wrap elementor-element-populated\">\n\t\t\t\t\t\t<div class=\"elementor-element elementor-element-5d152ca elementor-widget elementor-widget-image\" data-id=\"5d152ca\" data-element_type=\"widget\" data-e-type=\"widget\" data-widget_type=\"image.default\">\n\t\t\t\t<div class=\"elementor-widget-container\">\n\t\t\t\t\t\t\t\t\t\t\t\t\t\t\t<img loading=\"lazy\" decoding=\"async\" width=\"500\" height=\"500\" src=\"https:\/\/www.portugaliacork.ca\/wp-content\/uploads\/2022\/04\/bottling-machine-2.jpg\" class=\"attachment-large size-large wp-image-1885\" alt=\"m\u00e1quina embotelladora-2\" srcset=\"https:\/\/portugaliacork.com\/wp-content\/uploads\/2022\/04\/bottling-machine-2.jpg 500w, https:\/\/portugaliacork.com\/wp-content\/uploads\/2022\/04\/bottling-machine-2-300x300.jpg 300w, https:\/\/portugaliacork.com\/wp-content\/uploads\/2022\/04\/bottling-machine-2-150x150.jpg 150w\" sizes=\"(max-width: 500px) 100vw, 500px\" title=\"\">\t\t\t\t\t\t\t\t\t\t\t\t\t\t\t<\/div>\n\t\t\t\t<\/div>\n\t\t\t\t<div class=\"elementor-element elementor-element-12a3c53 elementor-widget elementor-widget-text-editor\" data-id=\"12a3c53\" data-element_type=\"widget\" data-e-type=\"widget\" data-widget_type=\"text-editor.default\">\n\t\t\t\t<div class=\"elementor-widget-container\">\n\t\t\t\t\t\t\t\t\t<h6 style=\"color: #000000; text-align: center;\">Maquina de embotellar manual<\/h6>\t\t\t\t\t\t\t\t<\/div>\n\t\t\t\t<\/div>\n\t\t\t\t\t<\/div>\n\t\t<\/div>\n\t\t\t\t<div class=\"elementor-column elementor-col-25 elementor-top-column elementor-element elementor-element-2e48763\" data-id=\"2e48763\" data-element_type=\"column\" data-e-type=\"column\">\n\t\t\t<div class=\"elementor-widget-wrap elementor-element-populated\">\n\t\t\t\t\t\t<div class=\"elementor-element elementor-element-50ff0c4 elementor-widget elementor-widget-image\" data-id=\"50ff0c4\" data-element_type=\"widget\" data-e-type=\"widget\" data-widget_type=\"image.default\">\n\t\t\t\t<div class=\"elementor-widget-container\">\n\t\t\t\t\t\t\t\t\t\t\t\t\t\t\t<img loading=\"lazy\" decoding=\"async\" width=\"500\" height=\"500\" src=\"https:\/\/www.portugaliacork.ca\/wp-content\/uploads\/2022\/04\/bottling-accessory-1.jpg\" class=\"attachment-large size-large wp-image-1884\" alt=\"accesorio de embotellado-1\" srcset=\"https:\/\/portugaliacork.com\/wp-content\/uploads\/2022\/04\/bottling-accessory-1.jpg 500w, https:\/\/portugaliacork.com\/wp-content\/uploads\/2022\/04\/bottling-accessory-1-300x300.jpg 300w, https:\/\/portugaliacork.com\/wp-content\/uploads\/2022\/04\/bottling-accessory-1-150x150.jpg 150w\" sizes=\"(max-width: 500px) 100vw, 500px\" title=\"\">\t\t\t\t\t\t\t\t\t\t\t\t\t\t\t<\/div>\n\t\t\t\t<\/div>\n\t\t\t\t<div class=\"elementor-element elementor-element-96b0e66 elementor-widget elementor-widget-text-editor\" data-id=\"96b0e66\" data-element_type=\"widget\" data-e-type=\"widget\" data-widget_type=\"text-editor.default\">\n\t\t\t\t<div class=\"elementor-widget-container\">\n\t\t\t\t\t\t\t\t\t<h6 style=\"color: #000000; text-align: center;\">Accesorios de embotellado<\/h6>\t\t\t\t\t\t\t\t<\/div>\n\t\t\t\t<\/div>\n\t\t\t\t\t<\/div>\n\t\t<\/div>\n\t\t\t\t<div class=\"elementor-column elementor-col-25 elementor-top-column elementor-element elementor-element-e728d53\" data-id=\"e728d53\" data-element_type=\"column\" data-e-type=\"column\">\n\t\t\t<div class=\"elementor-widget-wrap\">\n\t\t\t\t\t\t\t<\/div>\n\t\t<\/div>\n\t\t\t\t\t<\/div>\n\t\t<\/section>\n\t\t\t\t<\/div>","protected":false},"excerpt":{"rendered":"<p>Bottling products and accessories Complete your bottling process with spotless packaging. Portugaliacork offers wide range of complimentary bottling products such as wine capsules and champagne cages. We are also producing different types of olive pourers and wine droppers. For initial producers, we are offering different types of manual bottling machinery. Wire cages \/ muselets The [&hellip;]<\/p>\n","protected":false},"author":5,"featured_media":0,"parent":0,"menu_order":0,"comment_status":"closed","ping_status":"closed","template":"","meta":{"footnotes":""},"class_list":["post-1829","page","type-page","status-publish","hentry"],"_links":{"self":[{"href":"https:\/\/portugaliacork.com\/es\/wp-json\/wp\/v2\/pages\/1829","targetHints":{"allow":["GET"]}}],"collection":[{"href":"https:\/\/portugaliacork.com\/es\/wp-json\/wp\/v2\/pages"}],"about":[{"href":"https:\/\/portugaliacork.com\/es\/wp-json\/wp\/v2\/types\/page"}],"author":[{"embeddable":true,"href":"https:\/\/portugaliacork.com\/es\/wp-json\/wp\/v2\/users\/5"}],"replies":[{"embeddable":true,"href":"https:\/\/portugaliacork.com\/es\/wp-json\/wp\/v2\/comments?post=1829"}],"version-history":[{"count":0,"href":"https:\/\/portugaliacork.com\/es\/wp-json\/wp\/v2\/pages\/1829\/revisions"}],"wp:attachment":[{"href":"https:\/\/portugaliacork.com\/es\/wp-json\/wp\/v2\/media?parent=1829"}],"curies":[{"name":"wp","href":"https:\/\/api.w.org\/{rel}","templated":true}]}}