{"id":1471,"date":"2022-04-11T08:19:27","date_gmt":"2022-04-11T08:19:27","guid":{"rendered":"https:\/\/test.portugaliacork.com\/?page_id=1471"},"modified":"2025-07-08T13:05:24","modified_gmt":"2025-07-08T13:05:24","slug":"dienstleistungen","status":"publish","type":"page","link":"https:\/\/portugaliacork.com\/de\/services\/","title":{"rendered":"Dienstleistungen"},"content":{"rendered":"<div data-elementor-type=\"wp-page\" data-elementor-id=\"1471\" class=\"elementor elementor-1471\" data-elementor-post-type=\"page\">\n\t\t\t\t<div class=\"elementor-element elementor-element-2a40803 e-con-full e-flex e-con e-parent\" data-id=\"2a40803\" data-element_type=\"container\" data-e-type=\"container\" data-settings=\"{&quot;background_background&quot;:&quot;classic&quot;}\">\n\t\t\t\t<div class=\"elementor-element elementor-element-9d1dd32 elementor-widget elementor-widget-heading\" data-id=\"9d1dd32\" data-element_type=\"widget\" data-e-type=\"widget\" data-widget_type=\"heading.default\">\n\t\t\t\t<div class=\"elementor-widget-container\">\n\t\t\t\t\t<h1 class=\"elementor-heading-title elementor-size-default\">DIENSTLEISTUNGEN<\/h1>\t\t\t\t<\/div>\n\t\t\t\t<\/div>\n\t\t\t\t<\/div>\n\t\t<div class=\"elementor-element elementor-element-41c3e52 e-flex e-con-boxed e-con e-parent\" data-id=\"41c3e52\" data-element_type=\"container\" data-e-type=\"container\">\n\t\t\t\t\t<div class=\"e-con-inner\">\n\t\t<div class=\"elementor-element elementor-element-10a100b e-con-full e-flex e-con e-child\" data-id=\"10a100b\" data-element_type=\"container\" data-e-type=\"container\">\n\t\t\t\t<div class=\"elementor-element elementor-element-bca5861 elementor-widget elementor-widget-text-editor\" data-id=\"bca5861\" data-element_type=\"widget\" data-e-type=\"widget\" data-widget_type=\"text-editor.default\">\n\t\t\t\t<div class=\"elementor-widget-container\">\n\t\t\t\t\t\t\t\t\t<p>Bei PORTUGALIACORK sind Sie einzigartig. Wir sch\u00e4tzen Individualit\u00e4t und glauben, dass jedes Projekt eine pers\u00f6nliche Note verdient. Das hochqualifizierte und detailorientierte Team von PORTUGALIACORK ist dazu da, die besten Dienstleistungen zu liefern und Ihre Projekte zum Leben zu erwecken. Unser Engagement f\u00fcr Qualit\u00e4t und Innovation zeichnet uns in der Korkindustrie aus. Jedes Mitglied unserer Familie wird ausgew\u00e4hlt, geschult und unterst\u00fctzt, um sicherzustellen, dass unser Team die talentiertesten und engagiertesten Mitarbeiter hat, die sich um Sie und Ihr Unternehmen k\u00fcmmern, so wie wir uns um unser eigenes k\u00fcmmern.<\/p><p>Von <a href=\"https:\/\/portugaliacork.com\/de\/nachhaltigkeit\/\">nachhaltig<\/a> Beschaffung bis hin zur sorgf\u00e4ltigen Fertigung gew\u00e4hrleisten wir die h\u00f6chsten Standards in all unseren <a href=\"https:\/\/portugaliacork.com\/de\/produkte\/\">Produkte<\/a>. Mit einer modernen und flexiblen Produktion, die alle Bereiche der Korkindustrie abdeckt, ist PORTUGALIACORK ein voll integriertes Kork-\u00d6kosystem. Dies erm\u00f6glicht es uns, die Erwartungen unserer Kunden nicht nur zu erf\u00fcllen, sondern zu \u00fcbertreffen.<\/p>\t\t\t\t\t\t\t\t<\/div>\n\t\t\t\t<\/div>\n\t\t<div class=\"elementor-element elementor-element-49c6c69 e-grid e-con-full e-con e-child\" data-id=\"49c6c69\" data-element_type=\"container\" data-e-type=\"container\">\n\t\t\t\t<div class=\"elementor-element elementor-element-9e7012f elementor-position-top elementor-widget elementor-widget-image-box\" data-id=\"9e7012f\" data-element_type=\"widget\" data-e-type=\"widget\" data-widget_type=\"image-box.default\">\n\t\t\t\t<div class=\"elementor-widget-container\">\n\t\t\t\t\t<div class=\"elementor-image-box-wrapper\"><figure class=\"elementor-image-box-img\"><img fetchpriority=\"high\" decoding=\"async\" width=\"582\" height=\"591\" src=\"https:\/\/www.portugaliacork.fr\/wp-content\/uploads\/2022\/04\/technical-support-icon.png\" class=\"attachment-full size-full wp-image-1665\" alt=\"Symbol f\u00fcr technische Unterst\u00fctzung\" title=\"\" srcset=\"https:\/\/portugaliacork.com\/wp-content\/uploads\/2022\/04\/technical-support-icon.png 582w, https:\/\/portugaliacork.com\/wp-content\/uploads\/2022\/04\/technical-support-icon-295x300.png 295w\" sizes=\"(max-width: 582px) 100vw, 582px\" \/><\/figure><div class=\"elementor-image-box-content\"><h3 class=\"elementor-image-box-title\">Technische Unterst\u00fctzung<\/h3><p class=\"elementor-image-box-description\">Wenn Sie Fragen oder Bedenken haben oder technische Unterst\u00fctzung ben\u00f6tigen, stehen wir Ihnen gerne zur Verf\u00fcgung. Unsere Support-Spezialisten stehen Ihnen jederzeit zur Verf\u00fcgung, um sicherzustellen, dass Sie die notwendige Hilfe und Anleitung erhalten.<\/p><\/div><\/div>\t\t\t\t<\/div>\n\t\t\t\t<\/div>\n\t\t\t\t<div class=\"elementor-element elementor-element-8b3277f elementor-position-top elementor-widget elementor-widget-image-box\" data-id=\"8b3277f\" data-element_type=\"widget\" data-e-type=\"widget\" data-widget_type=\"image-box.default\">\n\t\t\t\t<div class=\"elementor-widget-container\">\n\t\t\t\t\t<div class=\"elementor-image-box-wrapper\"><figure class=\"elementor-image-box-img\"><img decoding=\"async\" width=\"706\" height=\"592\" src=\"https:\/\/www.portugaliacork.fr\/wp-content\/uploads\/2022\/04\/joint-venture-icon.png\" class=\"attachment-full size-full wp-image-1667\" alt=\"Dienstleistungs-Joint-Venture\" title=\"\" srcset=\"https:\/\/portugaliacork.com\/wp-content\/uploads\/2022\/04\/joint-venture-icon.png 706w, https:\/\/portugaliacork.com\/wp-content\/uploads\/2022\/04\/joint-venture-icon-300x252.png 300w\" sizes=\"(max-width: 706px) 100vw, 706px\" \/><\/figure><div class=\"elementor-image-box-content\"><h3 class=\"elementor-image-box-title\">Joint Ventures<\/h3><p class=\"elementor-image-box-description\">Bei PORTUGALIACORK betrachten wir Gesch\u00e4ftspartnerschaften als eine wesentliche Strategie f\u00fcr den gemeinsamen Erfolg. Wir begr\u00fc\u00dfen Gelegenheiten f\u00fcr neue Kooperationen, die zu einer nachhaltigen und prosperierenden Zukunft beitragen.<\/p><\/div><\/div>\t\t\t\t<\/div>\n\t\t\t\t<\/div>\n\t\t\t\t<div class=\"elementor-element elementor-element-1c1ba4e elementor-position-top elementor-widget elementor-widget-image-box\" data-id=\"1c1ba4e\" data-element_type=\"widget\" data-e-type=\"widget\" data-widget_type=\"image-box.default\">\n\t\t\t\t<div class=\"elementor-widget-container\">\n\t\t\t\t\t<div class=\"elementor-image-box-wrapper\"><figure class=\"elementor-image-box-img\"><img decoding=\"async\" width=\"847\" height=\"591\" src=\"https:\/\/www.portugaliacork.fr\/wp-content\/uploads\/2022\/04\/produc-developent-icon.png\" class=\"attachment-full size-full wp-image-1666\" alt=\"Produktentwicklung\" title=\"\" srcset=\"https:\/\/portugaliacork.com\/wp-content\/uploads\/2022\/04\/produc-developent-icon.png 847w, https:\/\/portugaliacork.com\/wp-content\/uploads\/2022\/04\/produc-developent-icon-300x209.png 300w, https:\/\/portugaliacork.com\/wp-content\/uploads\/2022\/04\/produc-developent-icon-768x536.png 768w\" sizes=\"(max-width: 847px) 100vw, 847px\" \/><\/figure><div class=\"elementor-image-box-content\"><h3 class=\"elementor-image-box-title\">Produktentwicklung<\/h3><p class=\"elementor-image-box-description\">Ihre Vision, gepaart mit unserem Fachwissen, stellt eine gewaltige Kraft in der Produktentwicklung der Korkindustrie dar. PORTUGALIACORK verf\u00fcgt \u00fcber die notwendigen Kenntnisse, Ressourcen und Werkzeuge, um den Erfolg Ihres Projekts zu gew\u00e4hrleisten. Lassen Sie PORTUGALIACORK als das entscheidende Bindeglied dienen, das Ihre W\u00fcnsche in die Realit\u00e4t umsetzt.<\/p><\/div><\/div>\t\t\t\t<\/div>\n\t\t\t\t<\/div>\n\t\t\t\t<div class=\"elementor-element elementor-element-321da86 elementor-position-top elementor-widget elementor-widget-image-box\" data-id=\"321da86\" data-element_type=\"widget\" data-e-type=\"widget\" data-widget_type=\"image-box.default\">\n\t\t\t\t<div class=\"elementor-widget-container\">\n\t\t\t\t\t<div class=\"elementor-image-box-wrapper\"><figure class=\"elementor-image-box-img\"><img loading=\"lazy\" decoding=\"async\" width=\"406\" height=\"592\" src=\"https:\/\/www.portugaliacork.fr\/wp-content\/uploads\/2022\/04\/OEM-icon.png\" class=\"attachment-full size-full wp-image-1668\" alt=\"Dienstleistungen Eigenmarke &amp; OEM\" title=\"\" srcset=\"https:\/\/portugaliacork.com\/wp-content\/uploads\/2022\/04\/OEM-icon.png 406w, https:\/\/portugaliacork.com\/wp-content\/uploads\/2022\/04\/OEM-icon-206x300.png 206w\" sizes=\"(max-width: 406px) 100vw, 406px\" \/><\/figure><div class=\"elementor-image-box-content\"><h3 class=\"elementor-image-box-title\">Eigenmarke &amp; OEM<\/h3><p class=\"elementor-image-box-description\">Wenn Sie Ihre Marke etablieren oder aufwerten wollen, sind wir bereit, Sie zu unterst\u00fctzen. Von der Erprobung und Produktentwicklung bis hin zur Markterprobung und Gro\u00dfproduktion - PORTUGALIACORK begleitet Sie w\u00e4hrend dieses Prozesses. <\/p><\/div><\/div>\t\t\t\t<\/div>\n\t\t\t\t<\/div>\n\t\t\t\t<\/div>\n\t\t\t\t<div class=\"elementor-element elementor-element-b551d84 elementor-align-center elementor-widget elementor-widget-button\" data-id=\"b551d84\" data-element_type=\"widget\" data-e-type=\"widget\" data-widget_type=\"button.default\">\n\t\t\t\t<div class=\"elementor-widget-container\">\n\t\t\t\t\t\t\t\t\t<div class=\"elementor-button-wrapper\">\n\t\t\t\t\t<a class=\"elementor-button elementor-button-link elementor-size-sm\" href=\"https:\/\/portugaliacork.com\/de\/kontakt\/\">\n\t\t\t\t\t\t<span class=\"elementor-button-content-wrapper\">\n\t\t\t\t\t\t\t\t\t<span class=\"elementor-button-text\">Kontakt zu unserem Vertriebsteam<\/span>\n\t\t\t\t\t<\/span>\n\t\t\t\t\t<\/a>\n\t\t\t\t<\/div>\n\t\t\t\t\t\t\t\t<\/div>\n\t\t\t\t<\/div>\n\t\t\t\t<\/div>\n\t\t\t\t\t<\/div>\n\t\t\t\t<\/div>\n\t\t\t\t<\/div>","protected":false},"excerpt":{"rendered":"<p>SERVICES At PORTUGALIACORK you are unique. We celebrate individuality and believe that every project deserves a personal touch. Highly skilled and detail oriented, PORTUGALIACORK team is here to deliver the best services and bring your projects to life. Our commitment to quality and innovation sets us apart in the cork industry. Each member of our [&hellip;]<\/p>\n","protected":false},"author":5,"featured_media":0,"parent":0,"menu_order":0,"comment_status":"closed","ping_status":"closed","template":"","meta":{"footnotes":""},"class_list":["post-1471","page","type-page","status-publish","hentry"],"_links":{"self":[{"href":"https:\/\/portugaliacork.com\/de\/wp-json\/wp\/v2\/pages\/1471","targetHints":{"allow":["GET"]}}],"collection":[{"href":"https:\/\/portugaliacork.com\/de\/wp-json\/wp\/v2\/pages"}],"about":[{"href":"https:\/\/portugaliacork.com\/de\/wp-json\/wp\/v2\/types\/page"}],"author":[{"embeddable":true,"href":"https:\/\/portugaliacork.com\/de\/wp-json\/wp\/v2\/users\/5"}],"replies":[{"embeddable":true,"href":"https:\/\/portugaliacork.com\/de\/wp-json\/wp\/v2\/comments?post=1471"}],"version-history":[{"count":0,"href":"https:\/\/portugaliacork.com\/de\/wp-json\/wp\/v2\/pages\/1471\/revisions"}],"wp:attachment":[{"href":"https:\/\/portugaliacork.com\/de\/wp-json\/wp\/v2\/media?parent=1471"}],"curies":[{"name":"wp","href":"https:\/\/api.w.org\/{rel}","templated":true}]}}